{"id":16945,"date":"2023-06-30T16:03:31","date_gmt":"2023-06-30T16:03:31","guid":{"rendered":"https:\/\/www.flyshop.cl\/TIENDA\/?post_type=product&#038;p=16945"},"modified":"2025-10-25T19:48:30","modified_gmt":"2025-10-25T19:48:30","slug":"anteojo-polarizado-keel-shiny-opaque-black-gray-rubber-trim-gray-lens","status":"publish","type":"product","link":"https:\/\/www.flyshop.cl\/TIENDA\/producto\/anteojo-polarizado-keel-shiny-opaque-black-gray-rubber-trim-gray-lens\/","title":{"rendered":"anteojo polarizado  Keel &#8211; Shiny Opaque Black\/Gray Rubber Trim\/Gray Lens"},"content":{"rendered":"<p>El Keel fue dise\u00f1ado para proporcionar la m\u00e1xima protecci\u00f3n contra el deslumbramiento. Esta montura grande cumple con su nombre, bloqueando la luz desde todos los \u00e1ngulos con lentes cuadradas grandes y se adapta a rostros m\u00e1s grandes sin sacrificar el estilo. Las patillas de doble inyecci\u00f3n, las almohadillas de ceja y de nariz de goma se combinan para ofrecer un rendimiento tremendo.<\/p>\n<p>Lentes de policarbonato polarizados<br \/>\nProtecci\u00f3n 100% UVA\/UVB<br \/>\nAlmohadillas de nariz integradas con recubrimiento de goma<br \/>\nPuntas de las patillas de goma<br \/>\nAlmohadilla de ceja de goma ventilada<br \/>\nMontura de biopl\u00e1stico<br \/>\nProducto certificado como CarbonNeutral\u00ae<\/p>\n","protected":false},"excerpt":{"rendered":"<p>El Keel fue dise\u00f1ado para proporcionar la m\u00e1xima protecci\u00f3n contra el deslumbramiento. Esta montura grande cumple con su nombre, bloqueando la luz desde todos los \u00e1ngulos con lentes cuadradas grandes y se adapta a rostros m\u00e1s grandes sin sacrificar el&hellip;<\/p>\n","protected":false},"featured_media":16947,"comment_status":"closed","ping_status":"closed","template":"","meta":{"_joinchat":[]},"product_brand":[],"product_cat":[520],"product_tag":[],"class_list":{"0":"post-16945","1":"product","2":"type-product","3":"status-publish","4":"has-post-thumbnail","6":"product_cat-anteojos-polarizados","7":"entry","8":"has-media","10":"first","11":"instock","12":"shipping-taxable","13":"purchasable","14":"product-type-simple","15":"col","16":"wpex-woo-entry","17":"span_1_of_6 span_1_of_3_pp"},"supplier_id":null,"supplier_sku":"","barcode":null,"atum_controlled":true,"out_stock_date":null,"out_stock_threshold":null,"inheritable":false,"inbound_stock":null,"stock_on_hold":0,"sold_today":0,"sales_last_days":1,"reserved_stock":null,"customer_returns":null,"warehouse_damage":null,"lost_in_post":null,"other_logs":null,"out_stock_days":0,"lost_sales":0,"has_location":false,"update_date":"2025-11-02T13:31:11","atum_locations":[],"atum_stock_status":"instock","restock_status":false,"low_stock_amount":"","sales_update_date":"2025-11-02T13:31:11","calc_backorders":null,"_links":{"self":[{"href":"https:\/\/www.flyshop.cl\/TIENDA\/wp-json\/wp\/v2\/product\/16945","targetHints":{"allow":["GET"]}}],"collection":[{"href":"https:\/\/www.flyshop.cl\/TIENDA\/wp-json\/wp\/v2\/product"}],"about":[{"href":"https:\/\/www.flyshop.cl\/TIENDA\/wp-json\/wp\/v2\/types\/product"}],"replies":[{"embeddable":true,"href":"https:\/\/www.flyshop.cl\/TIENDA\/wp-json\/wp\/v2\/comments?post=16945"}],"wp:featuredmedia":[{"embeddable":true,"href":"https:\/\/www.flyshop.cl\/TIENDA\/wp-json\/wp\/v2\/media\/16947"}],"wp:attachment":[{"href":"https:\/\/www.flyshop.cl\/TIENDA\/wp-json\/wp\/v2\/media?parent=16945"}],"wp:term":[{"taxonomy":"product_brand","embeddable":true,"href":"https:\/\/www.flyshop.cl\/TIENDA\/wp-json\/wp\/v2\/product_brand?post=16945"},{"taxonomy":"product_cat","embeddable":true,"href":"https:\/\/www.flyshop.cl\/TIENDA\/wp-json\/wp\/v2\/product_cat?post=16945"},{"taxonomy":"product_tag","embeddable":true,"href":"https:\/\/www.flyshop.cl\/TIENDA\/wp-json\/wp\/v2\/product_tag?post=16945"}],"curies":[{"name":"wp","href":"https:\/\/api.w.org\/{rel}","templated":true}]}}