{"id":16926,"date":"2023-06-30T15:14:35","date_gmt":"2023-06-30T15:14:35","guid":{"rendered":"https:\/\/www.flyshop.cl\/TIENDA\/?post_type=product&#038;p=16926"},"modified":"2025-02-12T03:28:14","modified_gmt":"2025-02-12T03:28:14","slug":"anteojo-polarizado-coil-shiny-tiger-tort-brown-lens","status":"publish","type":"product","link":"https:\/\/www.flyshop.cl\/TIENDA\/producto\/anteojo-polarizado-coil-shiny-tiger-tort-brown-lens\/","title":{"rendered":"anteojo polarizado coil Shiny Tiger Tort &#8211; Brown Lens"},"content":{"rendered":"<p>La Coil es la elecci\u00f3n n\u00famero uno para los entusiastas activos en el agua que buscan unas gafas de sol deportivas con muchas caracter\u00edsticas, donde el rendimiento es de primera calidad.<\/p>\n<p>Lentes de policarbonato polarizados<br \/>\nProtecci\u00f3n 100% UVA\/UVB<br \/>\nAlmohadillas de nariz integradas con recubrimiento de goma<br \/>\nPuntas de las patillas de goma<br \/>\nAlmohadilla de ceja de goma ventilada<br \/>\nMontura de biopl\u00e1stico<br \/>\nProducto certificado como CarbonNeutral\u00ae<\/p>\n","protected":false},"excerpt":{"rendered":"<p>La Coil es la elecci\u00f3n n\u00famero uno para los entusiastas activos en el agua que buscan unas gafas de sol deportivas con muchas caracter\u00edsticas, donde el rendimiento es de primera calidad. Lentes de policarbonato polarizados Protecci\u00f3n 100% UVA\/UVB Almohadillas de&hellip;<\/p>\n","protected":false},"featured_media":16929,"comment_status":"closed","ping_status":"closed","template":"","meta":{"_joinchat":[]},"product_brand":[],"product_cat":[520],"product_tag":[],"class_list":{"0":"post-16926","1":"product","2":"type-product","3":"status-publish","4":"has-post-thumbnail","6":"product_cat-anteojos-polarizados","7":"entry","8":"has-media","10":"first","11":"outofstock","12":"shipping-taxable","13":"purchasable","14":"product-type-simple","15":"col","16":"wpex-woo-entry","17":"span_1_of_6 span_1_of_3_pp"},"supplier_id":null,"supplier_sku":"","barcode":null,"atum_controlled":true,"out_stock_date":"2025-02-12 03:28:17","out_stock_threshold":null,"inheritable":false,"inbound_stock":null,"stock_on_hold":0,"sold_today":0,"sales_last_days":1,"reserved_stock":null,"customer_returns":null,"warehouse_damage":null,"lost_in_post":null,"other_logs":null,"out_stock_days":6,"lost_sales":50571,"has_location":false,"update_date":"2025-02-18T16:42:53","atum_locations":[],"atum_stock_status":"outofstock","restock_status":false,"low_stock_amount":"","sales_update_date":"2025-02-18T16:42:53","calc_backorders":null,"_links":{"self":[{"href":"https:\/\/www.flyshop.cl\/TIENDA\/wp-json\/wp\/v2\/product\/16926","targetHints":{"allow":["GET"]}}],"collection":[{"href":"https:\/\/www.flyshop.cl\/TIENDA\/wp-json\/wp\/v2\/product"}],"about":[{"href":"https:\/\/www.flyshop.cl\/TIENDA\/wp-json\/wp\/v2\/types\/product"}],"replies":[{"embeddable":true,"href":"https:\/\/www.flyshop.cl\/TIENDA\/wp-json\/wp\/v2\/comments?post=16926"}],"wp:featuredmedia":[{"embeddable":true,"href":"https:\/\/www.flyshop.cl\/TIENDA\/wp-json\/wp\/v2\/media\/16929"}],"wp:attachment":[{"href":"https:\/\/www.flyshop.cl\/TIENDA\/wp-json\/wp\/v2\/media?parent=16926"}],"wp:term":[{"taxonomy":"product_brand","embeddable":true,"href":"https:\/\/www.flyshop.cl\/TIENDA\/wp-json\/wp\/v2\/product_brand?post=16926"},{"taxonomy":"product_cat","embeddable":true,"href":"https:\/\/www.flyshop.cl\/TIENDA\/wp-json\/wp\/v2\/product_cat?post=16926"},{"taxonomy":"product_tag","embeddable":true,"href":"https:\/\/www.flyshop.cl\/TIENDA\/wp-json\/wp\/v2\/product_tag?post=16926"}],"curies":[{"name":"wp","href":"https:\/\/api.w.org\/{rel}","templated":true}]}}