{"id":16883,"date":"2023-06-13T16:13:36","date_gmt":"2023-06-13T16:13:36","guid":{"rendered":"https:\/\/www.flyshop.cl\/TIENDA\/?post_type=product&#038;p=16883"},"modified":"2024-12-09T16:19:54","modified_gmt":"2024-12-09T16:19:54","slug":"vaso-termico-yeti-sage-rambler","status":"publish","type":"product","link":"https:\/\/www.flyshop.cl\/TIENDA\/producto\/vaso-termico-yeti-sage-rambler\/","title":{"rendered":"vaso termico yeti sage rambler"},"content":{"rendered":"<p>Caliente o fr\u00edo, ma\u00f1ana o tarde, el Sage x Yeti Rambler es nuestra taza multiusos preferida para el r\u00edo, lago, superficie, surf, carretera o cualquier lugar donde la aventura te lleve. La tapa magn\u00e9tica Magslider incluida mantiene tu bebida favorita dentro y evita que se derrame cuando las cosas se ponen deportivas.<\/p>\n<p>Tapa a presi\u00f3n a prueba de salpicaduras con cubierta para el agujero de bebida Magslider<br \/>\nResistente a abolladuras y \u00f3xido: fabricado con acero inoxidable de calidad de cocina 18\/8 con un acabado en polvo<br \/>\nAislamiento al vac\u00edo de doble pared para mantener las bebidas fr\u00edas o calientes hasta el \u00faltimo sorbo<br \/>\nApto para lavavajillas<br \/>\nCompatible con portavasos: mant\u00e9n tu vaso en su lugar en el barco, cami\u00f3n o donde te encuentres.<\/p>\n","protected":false},"excerpt":{"rendered":"<p>Caliente o fr\u00edo, ma\u00f1ana o tarde, el Sage x Yeti Rambler es nuestra taza multiusos preferida para el r\u00edo, lago, superficie, surf, carretera o cualquier lugar donde la aventura te lleve. La tapa magn\u00e9tica Magslider incluida mantiene tu bebida favorita&hellip;<\/p>\n","protected":false},"featured_media":16884,"comment_status":"closed","ping_status":"closed","template":"","meta":{"_joinchat":[]},"product_brand":[],"product_cat":[296,712],"product_tag":[],"class_list":{"0":"post-16883","1":"product","2":"type-product","3":"status-publish","4":"has-post-thumbnail","6":"product_cat-accesorios-simms","7":"product_cat-regalos","8":"entry","9":"has-media","11":"first","12":"outofstock","13":"shipping-taxable","14":"purchasable","15":"product-type-simple","16":"col","17":"wpex-woo-entry","18":"span_1_of_6 span_1_of_3_pp"},"supplier_id":null,"supplier_sku":"","barcode":null,"atum_controlled":true,"out_stock_date":"2024-12-09 16:19:56","out_stock_threshold":null,"inheritable":false,"inbound_stock":null,"stock_on_hold":1,"sold_today":1,"sales_last_days":1,"reserved_stock":null,"customer_returns":null,"warehouse_damage":null,"lost_in_post":null,"other_logs":null,"out_stock_days":0,"lost_sales":0,"has_location":false,"update_date":"2024-12-09T16:19:59","atum_locations":[],"atum_stock_status":"outofstock","restock_status":false,"low_stock_amount":"","sales_update_date":"2024-03-13T18:49:01","calc_backorders":null,"_links":{"self":[{"href":"https:\/\/www.flyshop.cl\/TIENDA\/wp-json\/wp\/v2\/product\/16883","targetHints":{"allow":["GET"]}}],"collection":[{"href":"https:\/\/www.flyshop.cl\/TIENDA\/wp-json\/wp\/v2\/product"}],"about":[{"href":"https:\/\/www.flyshop.cl\/TIENDA\/wp-json\/wp\/v2\/types\/product"}],"replies":[{"embeddable":true,"href":"https:\/\/www.flyshop.cl\/TIENDA\/wp-json\/wp\/v2\/comments?post=16883"}],"wp:featuredmedia":[{"embeddable":true,"href":"https:\/\/www.flyshop.cl\/TIENDA\/wp-json\/wp\/v2\/media\/16884"}],"wp:attachment":[{"href":"https:\/\/www.flyshop.cl\/TIENDA\/wp-json\/wp\/v2\/media?parent=16883"}],"wp:term":[{"taxonomy":"product_brand","embeddable":true,"href":"https:\/\/www.flyshop.cl\/TIENDA\/wp-json\/wp\/v2\/product_brand?post=16883"},{"taxonomy":"product_cat","embeddable":true,"href":"https:\/\/www.flyshop.cl\/TIENDA\/wp-json\/wp\/v2\/product_cat?post=16883"},{"taxonomy":"product_tag","embeddable":true,"href":"https:\/\/www.flyshop.cl\/TIENDA\/wp-json\/wp\/v2\/product_tag?post=16883"}],"curies":[{"name":"wp","href":"https:\/\/api.w.org\/{rel}","templated":true}]}}