{"id":16813,"date":"2023-06-08T21:57:04","date_gmt":"2023-06-08T21:57:04","guid":{"rendered":"https:\/\/www.flyshop.cl\/TIENDA\/?post_type=product&#038;p=16813"},"modified":"2026-04-04T17:05:41","modified_gmt":"2026-04-04T17:05:41","slug":"wader-freestone-smoke","status":"publish","type":"product","link":"https:\/\/www.flyshop.cl\/TIENDA\/producto\/wader-freestone-smoke\/","title":{"rendered":"wader freestone smoke"},"content":{"rendered":"<p>El mejor vadeador por menos pesos, el Freestone\u00ae Stockingfoot ha sido refinado a trav\u00e9s de a\u00f1os de pruebas y ajustes, e impregnado con d\u00e9cadas de ADN de vadeador Simms para ser tu compa\u00f1ero diario determinado, sin importar d\u00f3nde pesques.<\/p>\n<p>Parte superior e inferior duraderas y transpirables de 4 capas de Toray QuadraLam<br \/>\nTirantes el\u00e1sticos extensibles con hebillas personalizadas Simms opuestas para una conversi\u00f3n f\u00e1cil a la cintura<br \/>\nConjunto de bolsillos en el pecho que incluye un bolsillo de almacenamiento el\u00e1stico de acceso superior, bolsillos con forro de microfelpa para calentar las manos y parche integrado para moscas<br \/>\nCosturas patentadas en las piernas delanteras y traseras que ofrecen un ajuste articulado, mayor movilidad y durabilidad mejorada<br \/>\nDoble presilla trasera para cintur\u00f3n; incluye cintur\u00f3n el\u00e1stico extensible de 38 mm<\/p>\n","protected":false},"excerpt":{"rendered":"<p>El mejor vadeador por menos pesos, el Freestone\u00ae Stockingfoot ha sido refinado a trav\u00e9s de a\u00f1os de pruebas y ajustes, e impregnado con d\u00e9cadas de ADN de vadeador Simms para ser tu compa\u00f1ero diario determinado, sin importar d\u00f3nde pesques. Parte&hellip;<\/p>\n","protected":false},"featured_media":16822,"comment_status":"closed","ping_status":"closed","template":"","meta":{"_joinchat":[]},"product_brand":[],"product_cat":[309,137],"product_tag":[],"class_list":{"0":"post-16813","1":"product","2":"type-product","3":"status-publish","4":"has-post-thumbnail","6":"product_cat-simms","7":"product_cat-waders","8":"entry","9":"has-media","11":"first","12":"instock","13":"shipping-taxable","14":"purchasable","15":"product-type-variable","16":"col","17":"wpex-woo-entry","18":"span_1_of_6 span_1_of_3_pp"},"supplier_id":null,"supplier_sku":"","barcode":null,"atum_controlled":true,"out_stock_date":null,"out_stock_threshold":null,"inheritable":true,"inbound_stock":null,"stock_on_hold":1,"sold_today":1,"sales_last_days":5,"reserved_stock":null,"customer_returns":null,"warehouse_damage":null,"lost_in_post":null,"other_logs":null,"out_stock_days":null,"lost_sales":0,"has_location":false,"update_date":"2026-04-06T19:43:32","atum_locations":[],"atum_stock_status":"instock","restock_status":false,"low_stock_amount":"","sales_update_date":null,"calc_backorders":null,"_links":{"self":[{"href":"https:\/\/www.flyshop.cl\/TIENDA\/wp-json\/wp\/v2\/product\/16813","targetHints":{"allow":["GET"]}}],"collection":[{"href":"https:\/\/www.flyshop.cl\/TIENDA\/wp-json\/wp\/v2\/product"}],"about":[{"href":"https:\/\/www.flyshop.cl\/TIENDA\/wp-json\/wp\/v2\/types\/product"}],"replies":[{"embeddable":true,"href":"https:\/\/www.flyshop.cl\/TIENDA\/wp-json\/wp\/v2\/comments?post=16813"}],"wp:featuredmedia":[{"embeddable":true,"href":"https:\/\/www.flyshop.cl\/TIENDA\/wp-json\/wp\/v2\/media\/16822"}],"wp:attachment":[{"href":"https:\/\/www.flyshop.cl\/TIENDA\/wp-json\/wp\/v2\/media?parent=16813"}],"wp:term":[{"taxonomy":"product_brand","embeddable":true,"href":"https:\/\/www.flyshop.cl\/TIENDA\/wp-json\/wp\/v2\/product_brand?post=16813"},{"taxonomy":"product_cat","embeddable":true,"href":"https:\/\/www.flyshop.cl\/TIENDA\/wp-json\/wp\/v2\/product_cat?post=16813"},{"taxonomy":"product_tag","embeddable":true,"href":"https:\/\/www.flyshop.cl\/TIENDA\/wp-json\/wp\/v2\/product_tag?post=16813"}],"curies":[{"name":"wp","href":"https:\/\/api.w.org\/{rel}","templated":true}]}}