{"id":16800,"date":"2023-06-07T21:11:46","date_gmt":"2023-06-07T21:11:46","guid":{"rendered":"https:\/\/www.flyshop.cl\/TIENDA\/?post_type=product&#038;p=16800"},"modified":"2024-12-09T16:20:00","modified_gmt":"2024-12-09T16:20:00","slug":"botella-termo-stanley-sage1-lt","status":"publish","type":"product","link":"https:\/\/www.flyshop.cl\/TIENDA\/producto\/botella-termo-stanley-sage1-lt\/","title":{"rendered":"botella termo yeti sage1 lt"},"content":{"rendered":"<p>Botella de agua completamente sellada y compacta \u2022 Resistente a abolladuras y \u00f3xido: fabricada con acero inoxidable de calidad para cocina 18\/8 con acabado en polvo \u2022 Dise\u00f1o sin condensaci\u00f3n: mantiene tus manos secas e intactas, independientemente de la temperatura de la bebida \u2022 Aislamiento al vac\u00edo de doble pared para mantener las bebidas fr\u00edas y calientes hasta el \u00faltimo sorbo \u2022 Apta para lavavajillas.<\/p>\n","protected":false},"excerpt":{"rendered":"<p>Botella de agua completamente sellada y compacta \u2022 Resistente a abolladuras y \u00f3xido: fabricada con acero inoxidable de calidad para cocina 18\/8 con acabado en polvo \u2022 Dise\u00f1o sin condensaci\u00f3n: mantiene tus manos secas e intactas, independientemente de la temperatura&hellip;<\/p>\n","protected":false},"featured_media":16801,"comment_status":"closed","ping_status":"closed","template":"","meta":{"_joinchat":[]},"product_brand":[],"product_cat":[296,712],"product_tag":[],"class_list":{"0":"post-16800","1":"product","2":"type-product","3":"status-publish","4":"has-post-thumbnail","6":"product_cat-accesorios-simms","7":"product_cat-regalos","8":"entry","9":"has-media","11":"first","12":"outofstock","13":"shipping-taxable","14":"purchasable","15":"product-type-simple","16":"col","17":"wpex-woo-entry","18":"span_1_of_6 span_1_of_3_pp"},"supplier_id":null,"supplier_sku":"","barcode":null,"atum_controlled":true,"out_stock_date":"2024-12-09 16:20:01","out_stock_threshold":null,"inheritable":false,"inbound_stock":null,"stock_on_hold":0,"sold_today":0,"sales_last_days":1,"reserved_stock":null,"customer_returns":null,"warehouse_damage":null,"lost_in_post":null,"other_logs":null,"out_stock_days":0,"lost_sales":0,"has_location":false,"update_date":"2024-12-09T16:20:04","atum_locations":[],"atum_stock_status":"outofstock","restock_status":false,"low_stock_amount":"","sales_update_date":"2023-12-02T20:38:08","calc_backorders":null,"_links":{"self":[{"href":"https:\/\/www.flyshop.cl\/TIENDA\/wp-json\/wp\/v2\/product\/16800","targetHints":{"allow":["GET"]}}],"collection":[{"href":"https:\/\/www.flyshop.cl\/TIENDA\/wp-json\/wp\/v2\/product"}],"about":[{"href":"https:\/\/www.flyshop.cl\/TIENDA\/wp-json\/wp\/v2\/types\/product"}],"replies":[{"embeddable":true,"href":"https:\/\/www.flyshop.cl\/TIENDA\/wp-json\/wp\/v2\/comments?post=16800"}],"wp:featuredmedia":[{"embeddable":true,"href":"https:\/\/www.flyshop.cl\/TIENDA\/wp-json\/wp\/v2\/media\/16801"}],"wp:attachment":[{"href":"https:\/\/www.flyshop.cl\/TIENDA\/wp-json\/wp\/v2\/media?parent=16800"}],"wp:term":[{"taxonomy":"product_brand","embeddable":true,"href":"https:\/\/www.flyshop.cl\/TIENDA\/wp-json\/wp\/v2\/product_brand?post=16800"},{"taxonomy":"product_cat","embeddable":true,"href":"https:\/\/www.flyshop.cl\/TIENDA\/wp-json\/wp\/v2\/product_cat?post=16800"},{"taxonomy":"product_tag","embeddable":true,"href":"https:\/\/www.flyshop.cl\/TIENDA\/wp-json\/wp\/v2\/product_tag?post=16800"}],"curies":[{"name":"wp","href":"https:\/\/api.w.org\/{rel}","templated":true}]}}