{"id":16710,"date":"2023-05-18T21:46:25","date_gmt":"2023-05-18T21:46:25","guid":{"rendered":"https:\/\/www.flyshop.cl\/TIENDA\/?post_type=product&#038;p=16710"},"modified":"2025-02-05T18:45:05","modified_gmt":"2025-02-05T18:45:05","slug":"senuelo-daiwa-salt-pro-minnow-bullet-s25","status":"publish","type":"product","link":"https:\/\/www.flyshop.cl\/TIENDA\/producto\/senuelo-daiwa-salt-pro-minnow-bullet-s25\/","title":{"rendered":"se\u00f1uelo Daiwa salt pro minnow bullet s25"},"content":{"rendered":"<p>El Salt Pro Minnow Bullet de hundimiento r\u00e1pido de Daiwa tiene una acci\u00f3n en S ajustada para imitar el nado de un pez real. Dise\u00f1ado originalmente para la pesca en la playa de la lubina rayada, pero vers\u00e1til para atrapar muchas otras variedades de peces deportivos. Se hunde de manera uniforme para provocar muchas picadas durante la ca\u00edda, y su peso pesado y dise\u00f1o de labio peque\u00f1o permiten lanzamientos m\u00e1s largos en condiciones ventosas. Disponible en 60 grs. Construcci\u00f3n robusta de alambre de 1.4 mm y anzuelos resistentes al agua salada de tama\u00f1o 2\/0.<\/p>\n<p>peso 60 grs<\/p>\n","protected":false},"excerpt":{"rendered":"<p>El Salt Pro Minnow Bullet de hundimiento r\u00e1pido de Daiwa tiene una acci\u00f3n en S ajustada para imitar el nado de un pez real. Dise\u00f1ado originalmente para la pesca en la playa de la lubina rayada, pero vers\u00e1til para atrapar&hellip;<\/p>\n","protected":false},"featured_media":16705,"comment_status":"closed","ping_status":"closed","template":"","meta":{"_joinchat":[]},"product_brand":[],"product_cat":[535],"product_tag":[],"class_list":{"0":"post-16710","1":"product","2":"type-product","3":"status-publish","4":"has-post-thumbnail","6":"product_cat-orilla","7":"entry","8":"has-media","10":"first","11":"outofstock","12":"shipping-taxable","13":"purchasable","14":"product-type-simple","15":"col","16":"wpex-woo-entry","17":"span_1_of_6 span_1_of_3_pp"},"supplier_id":null,"supplier_sku":"","barcode":null,"atum_controlled":true,"out_stock_date":"2025-02-05 18:45:05","out_stock_threshold":null,"inheritable":false,"inbound_stock":null,"stock_on_hold":0,"sold_today":0,"sales_last_days":0,"reserved_stock":null,"customer_returns":null,"warehouse_damage":null,"lost_in_post":null,"other_logs":null,"out_stock_days":0,"lost_sales":0,"has_location":false,"update_date":"2025-02-05T18:45:10","atum_locations":[],"atum_stock_status":"outofstock","restock_status":false,"low_stock_amount":"","sales_update_date":"2024-10-10T20:05:34","calc_backorders":null,"_links":{"self":[{"href":"https:\/\/www.flyshop.cl\/TIENDA\/wp-json\/wp\/v2\/product\/16710","targetHints":{"allow":["GET"]}}],"collection":[{"href":"https:\/\/www.flyshop.cl\/TIENDA\/wp-json\/wp\/v2\/product"}],"about":[{"href":"https:\/\/www.flyshop.cl\/TIENDA\/wp-json\/wp\/v2\/types\/product"}],"replies":[{"embeddable":true,"href":"https:\/\/www.flyshop.cl\/TIENDA\/wp-json\/wp\/v2\/comments?post=16710"}],"wp:featuredmedia":[{"embeddable":true,"href":"https:\/\/www.flyshop.cl\/TIENDA\/wp-json\/wp\/v2\/media\/16705"}],"wp:attachment":[{"href":"https:\/\/www.flyshop.cl\/TIENDA\/wp-json\/wp\/v2\/media?parent=16710"}],"wp:term":[{"taxonomy":"product_brand","embeddable":true,"href":"https:\/\/www.flyshop.cl\/TIENDA\/wp-json\/wp\/v2\/product_brand?post=16710"},{"taxonomy":"product_cat","embeddable":true,"href":"https:\/\/www.flyshop.cl\/TIENDA\/wp-json\/wp\/v2\/product_cat?post=16710"},{"taxonomy":"product_tag","embeddable":true,"href":"https:\/\/www.flyshop.cl\/TIENDA\/wp-json\/wp\/v2\/product_tag?post=16710"}],"curies":[{"name":"wp","href":"https:\/\/api.w.org\/{rel}","templated":true}]}}