{"id":16695,"date":"2023-05-16T18:32:13","date_gmt":"2023-05-16T18:32:13","guid":{"rendered":"https:\/\/www.flyshop.cl\/TIENDA\/?post_type=product&#038;p=16695"},"modified":"2025-02-05T18:45:06","modified_gmt":"2025-02-05T18:45:06","slug":"daiwa-salt-pro-minnow-s47","status":"publish","type":"product","link":"https:\/\/www.flyshop.cl\/TIENDA\/producto\/daiwa-salt-pro-minnow-s47\/","title":{"rendered":"daiwa salt pro minnow S47"},"content":{"rendered":"<p>Se\u00f1uelo ultra vers\u00e1til y largo dise\u00f1ado para una recuperaci\u00f3n de estilo r\u00e1pida y desgarradora que produce una acci\u00f3n err\u00e1tica de nataci\u00f3n de lado a lado para atraer la atenci\u00f3n de los depredadores. Cuenta con sistema de transferencia de peso les; patr\u00f3n de escala realista y ojos tridimensionales; anzuelos de agua salada de alta resistencia<\/p>\n<p>Sinking<\/p>\n<p>Peso 31.5gr<\/p>\n<p>Largo 15mm<\/p>\n","protected":false},"excerpt":{"rendered":"<p>Se\u00f1uelo ultra vers\u00e1til y largo dise\u00f1ado para una recuperaci\u00f3n de estilo r\u00e1pida y desgarradora que produce una acci\u00f3n err\u00e1tica de nataci\u00f3n de lado a lado para atraer la atenci\u00f3n de los depredadores. Cuenta con sistema de transferencia de peso les;&hellip;<\/p>\n","protected":false},"featured_media":16696,"comment_status":"closed","ping_status":"closed","template":"","meta":{"_joinchat":[]},"product_brand":[],"product_cat":[535],"product_tag":[],"class_list":{"0":"post-16695","1":"product","2":"type-product","3":"status-publish","4":"has-post-thumbnail","6":"product_cat-orilla","7":"entry","8":"has-media","10":"first","11":"outofstock","12":"shipping-taxable","13":"purchasable","14":"product-type-simple","15":"col","16":"wpex-woo-entry","17":"span_1_of_6 span_1_of_3_pp"},"supplier_id":null,"supplier_sku":"","barcode":null,"atum_controlled":true,"out_stock_date":"2025-02-05 18:45:06","out_stock_threshold":null,"inheritable":false,"inbound_stock":null,"stock_on_hold":0,"sold_today":0,"sales_last_days":2,"reserved_stock":null,"customer_returns":null,"warehouse_damage":null,"lost_in_post":null,"other_logs":null,"out_stock_days":0,"lost_sales":0,"has_location":false,"update_date":"2025-02-05T18:45:10","atum_locations":[],"atum_stock_status":"outofstock","restock_status":false,"low_stock_amount":"","sales_update_date":"2024-04-27T16:02:18","calc_backorders":null,"_links":{"self":[{"href":"https:\/\/www.flyshop.cl\/TIENDA\/wp-json\/wp\/v2\/product\/16695","targetHints":{"allow":["GET"]}}],"collection":[{"href":"https:\/\/www.flyshop.cl\/TIENDA\/wp-json\/wp\/v2\/product"}],"about":[{"href":"https:\/\/www.flyshop.cl\/TIENDA\/wp-json\/wp\/v2\/types\/product"}],"replies":[{"embeddable":true,"href":"https:\/\/www.flyshop.cl\/TIENDA\/wp-json\/wp\/v2\/comments?post=16695"}],"wp:featuredmedia":[{"embeddable":true,"href":"https:\/\/www.flyshop.cl\/TIENDA\/wp-json\/wp\/v2\/media\/16696"}],"wp:attachment":[{"href":"https:\/\/www.flyshop.cl\/TIENDA\/wp-json\/wp\/v2\/media?parent=16695"}],"wp:term":[{"taxonomy":"product_brand","embeddable":true,"href":"https:\/\/www.flyshop.cl\/TIENDA\/wp-json\/wp\/v2\/product_brand?post=16695"},{"taxonomy":"product_cat","embeddable":true,"href":"https:\/\/www.flyshop.cl\/TIENDA\/wp-json\/wp\/v2\/product_cat?post=16695"},{"taxonomy":"product_tag","embeddable":true,"href":"https:\/\/www.flyshop.cl\/TIENDA\/wp-json\/wp\/v2\/product_tag?post=16695"}],"curies":[{"name":"wp","href":"https:\/\/api.w.org\/{rel}","templated":true}]}}