{"id":16590,"date":"2023-04-24T21:54:41","date_gmt":"2023-04-24T21:54:41","guid":{"rendered":"https:\/\/www.flyshop.cl\/TIENDA\/?post_type=product&#038;p=16590"},"modified":"2024-08-22T16:46:16","modified_gmt":"2024-08-22T16:46:16","slug":"simms-cardwell-jacket-camel","status":"publish","type":"product","link":"https:\/\/www.flyshop.cl\/TIENDA\/producto\/simms-cardwell-jacket-camel\/","title":{"rendered":"Simms cardwell jacket camel"},"content":{"rendered":"<p>Un homenaje a nuestra herencia de Montana, la resistente Chaqueta Cardwell ofrece una c\u00e1lida comodidad aislada y un aspecto duradero y vers\u00e1til que se adapta a cualquier situaci\u00f3n, en cualquier condici\u00f3n.<\/p>\n<p>La capa exterior est\u00e1 fabricada con una mezcla de nylon y elastano, tejido en un lienzo el\u00e1stico. Los gruesos bafles alojan el aislamiento PrimaLoft\u00ae para proporcionar el m\u00e1ximo calor.<br \/>\nCapucha acolchada con cuello alto y cierre delantero con botones recubiertos de goma.<br \/>\nBolsillos dobles con cremallera Metalluxe\u00ae en el pecho, bolsillos dobles calientamanos y bolsillo interior con cremallera a la izquierda para art\u00edculos esenciales.<br \/>\nMangas forradas con tafet\u00e1n para un f\u00e1cil deslizamiento y cierres de bot\u00f3n recubiertos de goma en los pu\u00f1os.<br \/>\nTerminado con un dobladillo recto.<\/p>\n<p>TEJIDO T\u00c9CNICO:<br \/>\nCuerpo: 90% nylon, 10% elastano de 4 v\u00edas de estiramiento, 237 gsm con PFC-Free DWR.<br \/>\nForro: tafet\u00e1n de poli\u00e9ster 100% reciclado de 30D, 47 gsm con DWR.<br \/>\nAislamiento: aislamiento PrimaLoft\u00ae Black Eco, 133g en el cuerpo \/ 133g en las mangas.<\/p>\n","protected":false},"excerpt":{"rendered":"<p>Un homenaje a nuestra herencia de Montana, la resistente Chaqueta Cardwell ofrece una c\u00e1lida comodidad aislada y un aspecto duradero y vers\u00e1til que se adapta a cualquier situaci\u00f3n, en cualquier condici\u00f3n. La capa exterior est\u00e1 fabricada con una mezcla de&hellip;<\/p>\n","protected":false},"featured_media":16598,"comment_status":"closed","ping_status":"closed","template":"","meta":{"_joinchat":[]},"product_brand":[],"product_cat":[447,309],"product_tag":[],"class_list":{"0":"post-16590","1":"product","2":"type-product","3":"status-publish","4":"has-post-thumbnail","6":"product_cat-parkas-y-polerones","7":"product_cat-simms","8":"entry","9":"has-media","11":"first","12":"outofstock","13":"shipping-taxable","14":"product-type-variable","15":"col","16":"wpex-woo-entry","17":"span_1_of_6 span_1_of_3_pp"},"supplier_id":null,"supplier_sku":"","barcode":null,"atum_controlled":true,"out_stock_date":null,"out_stock_threshold":null,"inheritable":true,"inbound_stock":null,"stock_on_hold":0,"sold_today":0,"sales_last_days":0,"reserved_stock":null,"customer_returns":null,"warehouse_damage":null,"lost_in_post":null,"other_logs":null,"out_stock_days":null,"lost_sales":0,"has_location":false,"update_date":"2024-08-22T16:46:40","atum_locations":[],"atum_stock_status":"outofstock","restock_status":false,"low_stock_amount":"","sales_update_date":null,"calc_backorders":null,"_links":{"self":[{"href":"https:\/\/www.flyshop.cl\/TIENDA\/wp-json\/wp\/v2\/product\/16590","targetHints":{"allow":["GET"]}}],"collection":[{"href":"https:\/\/www.flyshop.cl\/TIENDA\/wp-json\/wp\/v2\/product"}],"about":[{"href":"https:\/\/www.flyshop.cl\/TIENDA\/wp-json\/wp\/v2\/types\/product"}],"replies":[{"embeddable":true,"href":"https:\/\/www.flyshop.cl\/TIENDA\/wp-json\/wp\/v2\/comments?post=16590"}],"wp:featuredmedia":[{"embeddable":true,"href":"https:\/\/www.flyshop.cl\/TIENDA\/wp-json\/wp\/v2\/media\/16598"}],"wp:attachment":[{"href":"https:\/\/www.flyshop.cl\/TIENDA\/wp-json\/wp\/v2\/media?parent=16590"}],"wp:term":[{"taxonomy":"product_brand","embeddable":true,"href":"https:\/\/www.flyshop.cl\/TIENDA\/wp-json\/wp\/v2\/product_brand?post=16590"},{"taxonomy":"product_cat","embeddable":true,"href":"https:\/\/www.flyshop.cl\/TIENDA\/wp-json\/wp\/v2\/product_cat?post=16590"},{"taxonomy":"product_tag","embeddable":true,"href":"https:\/\/www.flyshop.cl\/TIENDA\/wp-json\/wp\/v2\/product_tag?post=16590"}],"curies":[{"name":"wp","href":"https:\/\/api.w.org\/{rel}","templated":true}]}}