{"id":16538,"date":"2023-04-24T16:52:52","date_gmt":"2023-04-24T16:52:52","guid":{"rendered":"https:\/\/www.flyshop.cl\/TIENDA\/?post_type=product&#038;p=16538"},"modified":"2026-04-15T17:46:05","modified_gmt":"2026-04-15T17:46:05","slug":"simms-superlight-zip-off-pant","status":"publish","type":"product","link":"https:\/\/www.flyshop.cl\/TIENDA\/producto\/simms-superlight-zip-off-pant\/","title":{"rendered":"simms superlight zip off pant"},"content":{"rendered":"<p>Protecci\u00f3n solar UPF 50+ y secado ultra rapido.<\/p>\n<p>El pantal\u00f3n Simms\u00ae Superlight Pant, repelente al agua, con protecci\u00f3n UPF 50+ y confecci\u00f3n en nylon con un toque refrescante garantizan comodidad y protecci\u00f3n en el agua.<br \/>\nviene con cierre para convertirlo en short.<\/p>\n<p>CARACTERISTICAS:<\/p>\n<p>Protecci\u00f3n solar UPF 50+<br \/>\nCintura parcialmente el\u00e1stica para un ajuste y comodidad.<br \/>\nDos bolsillos delanteros<br \/>\nDos bolsillos traseros, uno con cremallera<\/p>\n<p>TECH: 100% nylon, 139gsm<\/p>\n","protected":false},"excerpt":{"rendered":"<p>Protecci\u00f3n solar UPF 50+ y secado ultra rapido. El pantal\u00f3n Simms\u00ae Superlight Pant, repelente al agua, con protecci\u00f3n UPF 50+ y confecci\u00f3n en nylon con un toque refrescante garantizan comodidad y protecci\u00f3n en el agua. viene con cierre para convertirlo&hellip;<\/p>\n","protected":false},"featured_media":16555,"comment_status":"closed","ping_status":"closed","template":"","meta":{"_joinchat":[]},"product_brand":[],"product_cat":[299,449,309],"product_tag":[],"class_list":{"0":"post-16538","1":"product","2":"type-product","3":"status-publish","4":"has-post-thumbnail","6":"product_cat-ofertas","7":"product_cat-pantalones-simms-ropa-hombre","8":"product_cat-simms","9":"entry","10":"has-media","12":"first","13":"instock","14":"sale","15":"shipping-taxable","16":"purchasable","17":"product-type-variable","18":"col","19":"wpex-woo-entry","20":"span_1_of_6 span_1_of_3_pp"},"supplier_id":null,"supplier_sku":"","barcode":null,"atum_controlled":true,"out_stock_date":null,"out_stock_threshold":null,"inheritable":true,"inbound_stock":null,"stock_on_hold":0,"sold_today":0,"sales_last_days":1,"reserved_stock":null,"customer_returns":null,"warehouse_damage":null,"lost_in_post":null,"other_logs":null,"out_stock_days":null,"lost_sales":0,"has_location":false,"update_date":"2026-04-30T21:46:23","atum_locations":[],"atum_stock_status":"instock","restock_status":false,"low_stock_amount":"","sales_update_date":null,"calc_backorders":null,"_links":{"self":[{"href":"https:\/\/www.flyshop.cl\/TIENDA\/wp-json\/wp\/v2\/product\/16538","targetHints":{"allow":["GET"]}}],"collection":[{"href":"https:\/\/www.flyshop.cl\/TIENDA\/wp-json\/wp\/v2\/product"}],"about":[{"href":"https:\/\/www.flyshop.cl\/TIENDA\/wp-json\/wp\/v2\/types\/product"}],"replies":[{"embeddable":true,"href":"https:\/\/www.flyshop.cl\/TIENDA\/wp-json\/wp\/v2\/comments?post=16538"}],"wp:featuredmedia":[{"embeddable":true,"href":"https:\/\/www.flyshop.cl\/TIENDA\/wp-json\/wp\/v2\/media\/16555"}],"wp:attachment":[{"href":"https:\/\/www.flyshop.cl\/TIENDA\/wp-json\/wp\/v2\/media?parent=16538"}],"wp:term":[{"taxonomy":"product_brand","embeddable":true,"href":"https:\/\/www.flyshop.cl\/TIENDA\/wp-json\/wp\/v2\/product_brand?post=16538"},{"taxonomy":"product_cat","embeddable":true,"href":"https:\/\/www.flyshop.cl\/TIENDA\/wp-json\/wp\/v2\/product_cat?post=16538"},{"taxonomy":"product_tag","embeddable":true,"href":"https:\/\/www.flyshop.cl\/TIENDA\/wp-json\/wp\/v2\/product_tag?post=16538"}],"curies":[{"name":"wp","href":"https:\/\/api.w.org\/{rel}","templated":true}]}}