{"id":16357,"date":"2023-04-14T20:24:26","date_gmt":"2023-04-14T20:24:26","guid":{"rendered":"https:\/\/www.flyshop.cl\/TIENDA\/?post_type=product&#038;p=16357"},"modified":"2026-04-15T19:25:31","modified_gmt":"2026-04-15T19:25:31","slug":"flyweight-shell-jacket-dk-storm","status":"publish","type":"product","link":"https:\/\/www.flyshop.cl\/TIENDA\/producto\/flyweight-shell-jacket-dk-storm\/","title":{"rendered":"FLYWEIGHT SHELL JACKET DK STORM"},"content":{"rendered":"<p>La Simms\u00ae Flyweight Shell Jacket es nuestra chaqueta impermeable y transpirable m\u00e1s ligera que siempre est\u00e1 lista para usarse cuando llegan los vientos de verano.<\/p>\n<p>CARACTER\u00cdSTICAS:<\/p>\n<p>GORE-TEX PACLITE\u00ae PLUS ofrece m\u00e1xima protecci\u00f3n y mayor comodidad<br \/>\nCapucha fija con ajuste de cord\u00f3n \u00fanico en el centro de la espalda y solapa pegada para evitar la lluvia<br \/>\nEl bolsillo con cremallera en el pecho cuenta con una bolsa autoapilable<br \/>\nDos bolsillos para las manos con cremallera<br \/>\nManguito simple dise\u00f1ado con alargamiento parcial para una f\u00e1cil colocaci\u00f3n y extracci\u00f3n.<br \/>\nCord\u00f3n el\u00e1stico ajustable en el dobladillo para un ajuste seguro<\/p>\n<p>TECH:<br \/>\nGORE-TEX PACLITE\u00ae PLUS 100% nailon de 2 capas con DWR<br \/>\nPeso de la carcasa: 91 g \/ m2<\/p>\n","protected":false},"excerpt":{"rendered":"<p>La Simms\u00ae Flyweight Shell Jacket es nuestra chaqueta impermeable y transpirable m\u00e1s ligera que siempre est\u00e1 lista para usarse cuando llegan los vientos de verano. CARACTER\u00cdSTICAS: GORE-TEX PACLITE\u00ae PLUS ofrece m\u00e1xima protecci\u00f3n y mayor comodidad Capucha fija con ajuste de&hellip;<\/p>\n","protected":false},"featured_media":16364,"comment_status":"closed","ping_status":"closed","template":"","meta":{"_joinchat":[]},"product_brand":[],"product_cat":[299,447,309],"product_tag":[],"class_list":{"0":"post-16357","1":"product","2":"type-product","3":"status-publish","4":"has-post-thumbnail","6":"product_cat-ofertas","7":"product_cat-parkas-y-polerones","8":"product_cat-simms","9":"entry","10":"has-media","12":"first","13":"outofstock","14":"shipping-taxable","15":"product-type-variable","16":"col","17":"wpex-woo-entry","18":"span_1_of_6 span_1_of_3_pp"},"supplier_id":null,"supplier_sku":"","barcode":null,"atum_controlled":true,"out_stock_date":null,"out_stock_threshold":null,"inheritable":true,"inbound_stock":null,"stock_on_hold":0,"sold_today":0,"sales_last_days":1,"reserved_stock":null,"customer_returns":null,"warehouse_damage":null,"lost_in_post":null,"other_logs":null,"out_stock_days":null,"lost_sales":0,"has_location":false,"update_date":"2026-04-15T19:25:33","atum_locations":[],"atum_stock_status":"outofstock","restock_status":false,"low_stock_amount":"","sales_update_date":null,"calc_backorders":null,"_links":{"self":[{"href":"https:\/\/www.flyshop.cl\/TIENDA\/wp-json\/wp\/v2\/product\/16357","targetHints":{"allow":["GET"]}}],"collection":[{"href":"https:\/\/www.flyshop.cl\/TIENDA\/wp-json\/wp\/v2\/product"}],"about":[{"href":"https:\/\/www.flyshop.cl\/TIENDA\/wp-json\/wp\/v2\/types\/product"}],"replies":[{"embeddable":true,"href":"https:\/\/www.flyshop.cl\/TIENDA\/wp-json\/wp\/v2\/comments?post=16357"}],"wp:featuredmedia":[{"embeddable":true,"href":"https:\/\/www.flyshop.cl\/TIENDA\/wp-json\/wp\/v2\/media\/16364"}],"wp:attachment":[{"href":"https:\/\/www.flyshop.cl\/TIENDA\/wp-json\/wp\/v2\/media?parent=16357"}],"wp:term":[{"taxonomy":"product_brand","embeddable":true,"href":"https:\/\/www.flyshop.cl\/TIENDA\/wp-json\/wp\/v2\/product_brand?post=16357"},{"taxonomy":"product_cat","embeddable":true,"href":"https:\/\/www.flyshop.cl\/TIENDA\/wp-json\/wp\/v2\/product_cat?post=16357"},{"taxonomy":"product_tag","embeddable":true,"href":"https:\/\/www.flyshop.cl\/TIENDA\/wp-json\/wp\/v2\/product_tag?post=16357"}],"curies":[{"name":"wp","href":"https:\/\/api.w.org\/{rel}","templated":true}]}}