{"id":16351,"date":"2023-04-14T14:16:56","date_gmt":"2023-04-14T14:16:56","guid":{"rendered":"https:\/\/www.flyshop.cl\/TIENDA\/?post_type=product&#038;p=16351"},"modified":"2026-04-01T13:01:15","modified_gmt":"2026-04-01T13:01:15","slug":"ms-dockwear-pant-dark-stone","status":"publish","type":"product","link":"https:\/\/www.flyshop.cl\/TIENDA\/producto\/ms-dockwear-pant-dark-stone\/","title":{"rendered":"MS DOCKWEAR PANT DARK STONE"},"content":{"rendered":"<p>Los Simms\u00ae Dockwear Pant son pantalones de tela el\u00e1stica de alto rendimiento para el trabajo duro dise\u00f1ados para vivir m\u00e1s all\u00e1 del agua.<\/p>\n<p>CARACTERISTICAS:<\/p>\n<p>Tejido de nylon trenzado resistente y duradero<br \/>\nTrabillas para cintur\u00f3n y cierre de cremallera<br \/>\nAlmacenamiento tradicional de cinco bolsillos<br \/>\nPanel lateral para alicates o tel\u00e9fono m\u00f3vil<br \/>\nConstrucci\u00f3n de rodilla articulada de doble capa para mayor durabilidad<br \/>\nFunda de doble capa en la parte posterior para mayor durabilidad<\/p>\n<p>TECH:<br \/>\nExterior: 200 g\/m\u00b2 97% nylon 3% tejido el\u00e1stico el\u00e1stico con DWR<\/p>\n","protected":false},"excerpt":{"rendered":"<p>Los Simms\u00ae Dockwear Pant son pantalones de tela el\u00e1stica de alto rendimiento para el trabajo duro dise\u00f1ados para vivir m\u00e1s all\u00e1 del agua. CARACTERISTICAS: Tejido de nylon trenzado resistente y duradero Trabillas para cintur\u00f3n y cierre de cremallera Almacenamiento tradicional&hellip;<\/p>\n","protected":false},"featured_media":16343,"comment_status":"closed","ping_status":"closed","template":"","meta":{"_joinchat":[]},"product_brand":[],"product_cat":[299,449,309],"product_tag":[],"class_list":{"0":"post-16351","1":"product","2":"type-product","3":"status-publish","4":"has-post-thumbnail","6":"product_cat-ofertas","7":"product_cat-pantalones-simms-ropa-hombre","8":"product_cat-simms","9":"entry","10":"has-media","12":"first","13":"instock","14":"sale","15":"shipping-taxable","16":"purchasable","17":"product-type-variable","18":"col","19":"wpex-woo-entry","20":"span_1_of_6 span_1_of_3_pp"},"supplier_id":null,"supplier_sku":"","barcode":null,"atum_controlled":true,"out_stock_date":null,"out_stock_threshold":null,"inheritable":true,"inbound_stock":null,"stock_on_hold":1,"sold_today":1,"sales_last_days":1,"reserved_stock":null,"customer_returns":null,"warehouse_damage":null,"lost_in_post":null,"other_logs":null,"out_stock_days":null,"lost_sales":0,"has_location":false,"update_date":"2026-04-01T13:01:16","atum_locations":[],"atum_stock_status":"instock","restock_status":false,"low_stock_amount":"","sales_update_date":null,"calc_backorders":null,"_links":{"self":[{"href":"https:\/\/www.flyshop.cl\/TIENDA\/wp-json\/wp\/v2\/product\/16351","targetHints":{"allow":["GET"]}}],"collection":[{"href":"https:\/\/www.flyshop.cl\/TIENDA\/wp-json\/wp\/v2\/product"}],"about":[{"href":"https:\/\/www.flyshop.cl\/TIENDA\/wp-json\/wp\/v2\/types\/product"}],"replies":[{"embeddable":true,"href":"https:\/\/www.flyshop.cl\/TIENDA\/wp-json\/wp\/v2\/comments?post=16351"}],"wp:featuredmedia":[{"embeddable":true,"href":"https:\/\/www.flyshop.cl\/TIENDA\/wp-json\/wp\/v2\/media\/16343"}],"wp:attachment":[{"href":"https:\/\/www.flyshop.cl\/TIENDA\/wp-json\/wp\/v2\/media?parent=16351"}],"wp:term":[{"taxonomy":"product_brand","embeddable":true,"href":"https:\/\/www.flyshop.cl\/TIENDA\/wp-json\/wp\/v2\/product_brand?post=16351"},{"taxonomy":"product_cat","embeddable":true,"href":"https:\/\/www.flyshop.cl\/TIENDA\/wp-json\/wp\/v2\/product_cat?post=16351"},{"taxonomy":"product_tag","embeddable":true,"href":"https:\/\/www.flyshop.cl\/TIENDA\/wp-json\/wp\/v2\/product_tag?post=16351"}],"curies":[{"name":"wp","href":"https:\/\/api.w.org\/{rel}","templated":true}]}}