{"id":16261,"date":"2023-03-23T16:08:39","date_gmt":"2023-03-23T16:08:39","guid":{"rendered":"https:\/\/www.flyshop.cl\/TIENDA\/?post_type=product&#038;p=16261"},"modified":"2024-11-28T14:42:42","modified_gmt":"2024-11-28T14:42:42","slug":"abel-rove-5-7-native-brown","status":"publish","type":"product","link":"https:\/\/www.flyshop.cl\/TIENDA\/producto\/abel-rove-5-7-native-brown\/","title":{"rendered":"ABEL ROVE 5\/7 NATIVE BROWN"},"content":{"rendered":"<p>Hecho para pescar en cualquier lugar y en todas partes, la serie de carretes ROVE fue creada para brindar a los pescadores la m\u00e1xima tranquilidad en el agua, independientemente de las condiciones o la ubicaci\u00f3n. El probado sistema de arrastre de corcho Abel, que se puede reparar en el campo, junto con el enfoque de dise\u00f1o simplificado de nuestro equipo de ingenieros, hacen de este carrete el que incluso las gu\u00edas en las Seychelles confiar\u00e1n en su arsenal. Este no es su carrete delicado, ultraligero y cl\u00e1sicamente elegante para la pesca en praderas alpinas. Ya tenemos ese modelo en nuestra l\u00ednea.<\/p>\n<p>&nbsp;<\/p>\n<p>Este es su carrete de aventuras ultrarresistente, ultraconfiable, de alta capacidad y golpeado que ir\u00e1 a donde quiera ir sin sentir la necesidad de tener un carrete de respaldo en su espacio de mano limitado. \u00a1Sal y deambula por el mundo con \u00e9l!<\/p>\n<p>&nbsp;<\/p>\n<p>\u2022 Marco parcialmente portado para lograr el equilibrio perfecto entre sonido y atractivo visual<br \/>\n\u2022 Armaz\u00f3n enjaulado para evitar cualquier posibilidad de que la l\u00ednea quede atrapada entre el armaz\u00f3n y el carrete<br \/>\n\u2022 Carrete de \u00e1rbol grande y de alta capacidad para ca\u00f1as de una o dos manos<br \/>\n\u2022 Dise\u00f1o de mecanizado estructuralmente integral para soportar las demandas del pescador viajero<br \/>\n\u2022 Moscas de agua dulce y salada grabadas con l\u00e1ser en el reverso de la placa de arrastre que giran a medida que se recupera la l\u00ednea<br \/>\n\u2022 Bobina de cambio r\u00e1pido<br \/>\n\u2022 Enganche de trinquete doble en todos los tama\u00f1os<br \/>\n\u2022 Sistema de arrastre convertible por el usuario<br \/>\n\u2022 Hecho en EE.UU<\/p>\n","protected":false},"excerpt":{"rendered":"<p>Hecho para pescar en cualquier lugar y en todas partes, la serie de carretes ROVE fue creada para brindar a los pescadores la m\u00e1xima tranquilidad en el agua, independientemente de las condiciones o la ubicaci\u00f3n. El probado sistema de arrastre&hellip;<\/p>\n","protected":false},"featured_media":16262,"comment_status":"closed","ping_status":"closed","template":"","meta":{"_joinchat":[]},"product_brand":[],"product_cat":[678],"product_tag":[],"class_list":{"0":"post-16261","1":"product","2":"type-product","3":"status-publish","4":"has-post-thumbnail","6":"product_cat-carretes-fly-fishing","7":"entry","8":"has-media","10":"first","11":"instock","12":"shipping-taxable","13":"purchasable","14":"product-type-simple","15":"col","16":"wpex-woo-entry","17":"span_1_of_6 span_1_of_3_pp"},"supplier_id":null,"supplier_sku":"","barcode":null,"atum_controlled":true,"out_stock_date":null,"out_stock_threshold":null,"inheritable":false,"inbound_stock":null,"stock_on_hold":null,"sold_today":null,"sales_last_days":null,"reserved_stock":null,"customer_returns":null,"warehouse_damage":null,"lost_in_post":null,"other_logs":null,"out_stock_days":null,"lost_sales":null,"has_location":false,"update_date":"2024-11-28T14:42:45","atum_locations":[],"atum_stock_status":"instock","restock_status":false,"low_stock_amount":"","sales_update_date":null,"calc_backorders":null,"_links":{"self":[{"href":"https:\/\/www.flyshop.cl\/TIENDA\/wp-json\/wp\/v2\/product\/16261","targetHints":{"allow":["GET"]}}],"collection":[{"href":"https:\/\/www.flyshop.cl\/TIENDA\/wp-json\/wp\/v2\/product"}],"about":[{"href":"https:\/\/www.flyshop.cl\/TIENDA\/wp-json\/wp\/v2\/types\/product"}],"replies":[{"embeddable":true,"href":"https:\/\/www.flyshop.cl\/TIENDA\/wp-json\/wp\/v2\/comments?post=16261"}],"wp:featuredmedia":[{"embeddable":true,"href":"https:\/\/www.flyshop.cl\/TIENDA\/wp-json\/wp\/v2\/media\/16262"}],"wp:attachment":[{"href":"https:\/\/www.flyshop.cl\/TIENDA\/wp-json\/wp\/v2\/media?parent=16261"}],"wp:term":[{"taxonomy":"product_brand","embeddable":true,"href":"https:\/\/www.flyshop.cl\/TIENDA\/wp-json\/wp\/v2\/product_brand?post=16261"},{"taxonomy":"product_cat","embeddable":true,"href":"https:\/\/www.flyshop.cl\/TIENDA\/wp-json\/wp\/v2\/product_cat?post=16261"},{"taxonomy":"product_tag","embeddable":true,"href":"https:\/\/www.flyshop.cl\/TIENDA\/wp-json\/wp\/v2\/product_tag?post=16261"}],"curies":[{"name":"wp","href":"https:\/\/api.w.org\/{rel}","templated":true}]}}