{"id":15917,"date":"2023-01-13T20:40:08","date_gmt":"2023-01-13T20:40:08","guid":{"rendered":"https:\/\/www.flyshop.cl\/TIENDA\/?post_type=product&#038;p=15917"},"modified":"2025-11-30T00:50:49","modified_gmt":"2025-11-30T00:50:49","slug":"cana-sage-dart","status":"publish","type":"product","link":"https:\/\/www.flyshop.cl\/TIENDA\/producto\/cana-sage-dart\/","title":{"rendered":"ca\u00f1a sage dart"},"content":{"rendered":"<p>La ca\u00f1a de acci\u00f3n r\u00e1pida Sage\u00ae Dart es ideal para perseguir a truchas desconfiadas en aguas paradas y transparentes o en arroyos llenos de obst\u00e1culos. Dise\u00f1ada espec\u00edficamente para realizar bucles precisos bajo las ramas mientras que permite presentaciones delicadas. Los materiales KonenessHD, combinados con una acci\u00f3n r\u00e1pida y favorable al rendimiento, ofrecen a los pescadores una ventaja competitiva contra la trucha altamente selectiva. Los modelos 0-4wt con 7&#8217;6&#8243; proporcionan un rendimiento ultraligero, mientras que el modelo m\u00e1s corto de 3wt permite lanzamientos de alta calidad y precisos. La ca\u00f1a m\u00e1s ligera y precisa jam\u00e1s hecha, destinada a convertirse en una herramienta muy apreciada pescadores de truchas en los pr\u00f3ximos a\u00f1os.<\/p>\n<p>CARACTER\u00cdSTICAS:<\/p>\n<p>Tecnolog\u00eda KonneticHD<br \/>\nBlank de color verde<br \/>\nHilo de bronce y dorado en los acabados<br \/>\nGuias de cer\u00e1mica Fuji y anillos tipo snake cromados ultraleves<br \/>\nInserci\u00f3n de madera Vera con asiento del carrete bronce de aluminio anodizado<br \/>\nPu\u00f1o de corcho de calidad<br \/>\nBolsa marron con logotipo y etiqueta para modelo<br \/>\nTubo de aluminio revestido con polvo multicolor Puertobello y con logotipo Sage<\/p>\n","protected":false},"excerpt":{"rendered":"<p>La ca\u00f1a de acci\u00f3n r\u00e1pida Sage\u00ae Dart es ideal para perseguir a truchas desconfiadas en aguas paradas y transparentes o en arroyos llenos de obst\u00e1culos. Dise\u00f1ada espec\u00edficamente para realizar bucles precisos bajo las ramas mientras que permite presentaciones delicadas. Los&hellip;<\/p>\n","protected":false},"featured_media":15919,"comment_status":"closed","ping_status":"closed","template":"","meta":{"_joinchat":[]},"product_brand":[],"product_cat":[679,787],"product_tag":[],"class_list":{"0":"post-15917","1":"product","2":"type-product","3":"status-publish","4":"has-post-thumbnail","6":"product_cat-canas-fly-fishing","7":"product_cat-sage","8":"entry","9":"has-media","11":"first","12":"instock","13":"shipping-taxable","14":"purchasable","15":"product-type-variable","16":"col","17":"wpex-woo-entry","18":"span_1_of_6 span_1_of_3_pp"},"supplier_id":null,"supplier_sku":"","barcode":null,"atum_controlled":true,"out_stock_date":null,"out_stock_threshold":null,"inheritable":true,"inbound_stock":null,"stock_on_hold":0,"sold_today":0,"sales_last_days":1,"reserved_stock":null,"customer_returns":null,"warehouse_damage":null,"lost_in_post":null,"other_logs":null,"out_stock_days":null,"lost_sales":0,"has_location":false,"update_date":"2025-11-26T20:30:26","atum_locations":[],"atum_stock_status":"instock","restock_status":false,"low_stock_amount":"","sales_update_date":null,"calc_backorders":null,"_links":{"self":[{"href":"https:\/\/www.flyshop.cl\/TIENDA\/wp-json\/wp\/v2\/product\/15917","targetHints":{"allow":["GET"]}}],"collection":[{"href":"https:\/\/www.flyshop.cl\/TIENDA\/wp-json\/wp\/v2\/product"}],"about":[{"href":"https:\/\/www.flyshop.cl\/TIENDA\/wp-json\/wp\/v2\/types\/product"}],"replies":[{"embeddable":true,"href":"https:\/\/www.flyshop.cl\/TIENDA\/wp-json\/wp\/v2\/comments?post=15917"}],"wp:featuredmedia":[{"embeddable":true,"href":"https:\/\/www.flyshop.cl\/TIENDA\/wp-json\/wp\/v2\/media\/15919"}],"wp:attachment":[{"href":"https:\/\/www.flyshop.cl\/TIENDA\/wp-json\/wp\/v2\/media?parent=15917"}],"wp:term":[{"taxonomy":"product_brand","embeddable":true,"href":"https:\/\/www.flyshop.cl\/TIENDA\/wp-json\/wp\/v2\/product_brand?post=15917"},{"taxonomy":"product_cat","embeddable":true,"href":"https:\/\/www.flyshop.cl\/TIENDA\/wp-json\/wp\/v2\/product_cat?post=15917"},{"taxonomy":"product_tag","embeddable":true,"href":"https:\/\/www.flyshop.cl\/TIENDA\/wp-json\/wp\/v2\/product_tag?post=15917"}],"curies":[{"name":"wp","href":"https:\/\/api.w.org\/{rel}","templated":true}]}}