{"id":15599,"date":"2022-12-05T15:16:53","date_gmt":"2022-12-05T15:16:53","guid":{"rendered":"https:\/\/www.flyshop.cl\/TIENDA\/?post_type=product&#038;p=15599"},"modified":"2025-11-30T00:50:48","modified_gmt":"2025-11-30T00:50:48","slug":"new-wader-g3-guide","status":"publish","type":"product","link":"https:\/\/www.flyshop.cl\/TIENDA\/producto\/new-wader-g3-guide\/","title":{"rendered":"WADER SIMMS G3 GUIDE"},"content":{"rendered":"<p>El Simms\u00ae G3 Guide Stockingfoot, el vadeador Simms galardonado desde hace mucho tiempo, est\u00e1 de vuelta con una actualizaci\u00f3n emocionante en el paquete, un ajuste mejorado y un conjunto de caracter\u00edsticas mejoradas, sin dejar de ser el vadeador m\u00e1s c\u00f3modo, confiable y orientado al rendimiento de todos los tiempos.<\/p>\n<p>CARACTERISTICAS:<\/p>\n<p>Laminaci\u00f3n de material actualizado con Gore-Tex Pro Shell de 3 capas en la parte superior y 4 capas en la parte inferior, lo que lo hace a\u00fan m\u00e1s duradero, transpirable y c\u00f3modo.<br \/>\nSistema de suspensi\u00f3n de malla de aire con espaciador ajustable y divisor de tela<br \/>\nBolsillo con cremallera de acceso superior extensible y bolsillo en el pecho con cremallera forrado de vell\u00f3n para las manos<br \/>\nLa organizaci\u00f3n superior tambi\u00e9n incluye un bolsillo Tippet-Tender extra\u00edble y un bolsillo lateral interior de tela el\u00e1stica.<br \/>\nLas trabillas traseras para cintur\u00f3n integradas de perfil bajo con opciones altas y bajas<br \/>\nIncluye cintur\u00f3n de nylon el\u00e1stico de 1,5 pulgadas<br \/>\nLas costuras patentadas en la\u00a0parte delantera\u00a0y trasera\u00a0brindan un ajuste articulado, mayor movilidad y mayor durabilidad<\/p>\n<p>TEJIDO TECH:<br \/>\nParte superior: 3 capas impermeable, Gore-Tex Shell transpirable<br \/>\nParte inferior: 4 capas a prueba de agua, Gore-Tex Pro Shell transpirable<\/p>\n","protected":false},"excerpt":{"rendered":"<p>El Simms\u00ae G3 Guide Stockingfoot, el vadeador Simms galardonado desde hace mucho tiempo, est\u00e1 de vuelta con una actualizaci\u00f3n emocionante en el paquete, un ajuste mejorado y un conjunto de caracter\u00edsticas mejoradas, sin dejar de ser el vadeador m\u00e1s c\u00f3modo,&hellip;<\/p>\n","protected":false},"featured_media":15609,"comment_status":"closed","ping_status":"closed","template":"","meta":{"_joinchat":[]},"product_brand":[],"product_cat":[309,137],"product_tag":[],"class_list":{"0":"post-15599","1":"product","2":"type-product","3":"status-publish","4":"has-post-thumbnail","6":"product_cat-simms","7":"product_cat-waders","8":"entry","9":"has-media","11":"first","12":"instock","13":"shipping-taxable","14":"purchasable","15":"product-type-variable","16":"col","17":"wpex-woo-entry","18":"span_1_of_6 span_1_of_3_pp"},"supplier_id":null,"supplier_sku":"","barcode":null,"atum_controlled":true,"out_stock_date":null,"out_stock_threshold":null,"inheritable":true,"inbound_stock":null,"stock_on_hold":1,"sold_today":0,"sales_last_days":5,"reserved_stock":null,"customer_returns":null,"warehouse_damage":null,"lost_in_post":null,"other_logs":null,"out_stock_days":null,"lost_sales":0,"has_location":false,"update_date":"2025-11-27T00:43:06","atum_locations":[],"atum_stock_status":"instock","restock_status":false,"low_stock_amount":"","sales_update_date":null,"calc_backorders":null,"_links":{"self":[{"href":"https:\/\/www.flyshop.cl\/TIENDA\/wp-json\/wp\/v2\/product\/15599","targetHints":{"allow":["GET"]}}],"collection":[{"href":"https:\/\/www.flyshop.cl\/TIENDA\/wp-json\/wp\/v2\/product"}],"about":[{"href":"https:\/\/www.flyshop.cl\/TIENDA\/wp-json\/wp\/v2\/types\/product"}],"replies":[{"embeddable":true,"href":"https:\/\/www.flyshop.cl\/TIENDA\/wp-json\/wp\/v2\/comments?post=15599"}],"wp:featuredmedia":[{"embeddable":true,"href":"https:\/\/www.flyshop.cl\/TIENDA\/wp-json\/wp\/v2\/media\/15609"}],"wp:attachment":[{"href":"https:\/\/www.flyshop.cl\/TIENDA\/wp-json\/wp\/v2\/media?parent=15599"}],"wp:term":[{"taxonomy":"product_brand","embeddable":true,"href":"https:\/\/www.flyshop.cl\/TIENDA\/wp-json\/wp\/v2\/product_brand?post=15599"},{"taxonomy":"product_cat","embeddable":true,"href":"https:\/\/www.flyshop.cl\/TIENDA\/wp-json\/wp\/v2\/product_cat?post=15599"},{"taxonomy":"product_tag","embeddable":true,"href":"https:\/\/www.flyshop.cl\/TIENDA\/wp-json\/wp\/v2\/product_tag?post=15599"}],"curies":[{"name":"wp","href":"https:\/\/api.w.org\/{rel}","templated":true}]}}