{"id":15583,"date":"2022-12-01T15:51:07","date_gmt":"2022-12-01T15:51:07","guid":{"rendered":"https:\/\/www.flyshop.cl\/TIENDA\/?post_type=product&#038;p=15583"},"modified":"2024-07-24T14:38:44","modified_gmt":"2024-07-24T14:38:44","slug":"oakley-split-shot-shallow-water","status":"publish","type":"product","link":"https:\/\/www.flyshop.cl\/TIENDA\/producto\/oakley-split-shot-shallow-water\/","title":{"rendered":"oakley split shot shallow water"},"content":{"rendered":"<p>anteojos polarizados con tecnologia prism<\/p>\n<p>Concebidas para ser las gafas de sol para la pr\u00e1ctica de deportes acu\u00e1ticos por excelencia, Split Shot lleva una correa separable, nuestro primer sistema de sujeci\u00f3n Integrated Retainer System\u2122, para mantener las gafas seguras y listas para la acci\u00f3n. El dise\u00f1o de la montura ligera de material O Matter\u2122 permite usar las gafas con un gorro, ampl\u00eda el campo de visual y es esencial para filtrar la luz del sol, atenuar el resplandor y otros elementos.<br \/>\nNUEVA Tecnolog\u00eda PRIZM &#8211; Lo mejor y \u00fanico en visi\u00f3n deportiva en el mundo (ver)<\/p>\n<p>Compra incluye: Lentes de sol, caja de cart\u00f3n de la marca, Estuche R\u00edgido y folletos<\/p>\n<p>Tama\u00f1o respecto a otros modelos de lentes:<\/p>\n<p>Modelo mediano<br \/>\n72mm entre la mitad y la orilla del cristal<\/p>\n<p>Detalle medidas:<\/p>\n<p>Alto cristal: 44 mm<\/p>\n<p>Ancho cristal: 64 mm<\/p>\n<p>Ancho Puente: 17 mm<\/p>\n<p>Ancho Total: 140 mm<\/p>\n<p>Largo Patas: 132 mm <\/p>\n<div class=\"wpex-responsive-media\"><iframe loading=\"lazy\" title=\"Prizm Technology | OAKLEY PRO TIPS\" width=\"980\" height=\"551\" src=\"https:\/\/www.youtube.com\/embed\/cY6NTmU7WIU?feature=oembed\"  allow=\"accelerometer; autoplay; clipboard-write; encrypted-media; gyroscope; picture-in-picture; web-share\" allowfullscreen><\/iframe><\/div>\n","protected":false},"excerpt":{"rendered":"<p>anteojos polarizados con tecnologia prism Concebidas para ser las gafas de sol para la pr\u00e1ctica de deportes acu\u00e1ticos por excelencia, Split Shot lleva una correa separable, nuestro primer sistema de sujeci\u00f3n Integrated Retainer System\u2122, para mantener las gafas seguras y&hellip;<\/p>\n","protected":false},"featured_media":15584,"comment_status":"closed","ping_status":"closed","template":"","meta":{"_joinchat":[]},"product_brand":[],"product_cat":[520],"product_tag":[],"class_list":{"0":"post-15583","1":"product","2":"type-product","3":"status-publish","4":"has-post-thumbnail","6":"product_cat-anteojos-polarizados","7":"entry","8":"has-media","10":"first","11":"outofstock","12":"sale","13":"shipping-taxable","14":"purchasable","15":"product-type-simple","16":"col","17":"wpex-woo-entry","18":"span_1_of_6 span_1_of_3_pp"},"supplier_id":null,"supplier_sku":"","barcode":null,"atum_controlled":true,"out_stock_date":"2024-07-18 18:40:13","out_stock_threshold":null,"inheritable":false,"inbound_stock":null,"stock_on_hold":0,"sold_today":0,"sales_last_days":1,"reserved_stock":null,"customer_returns":null,"warehouse_damage":null,"lost_in_post":null,"other_logs":null,"out_stock_days":5,"lost_sales":153571,"has_location":false,"update_date":"2024-07-24T14:38:46","atum_locations":[],"atum_stock_status":"outofstock","restock_status":false,"low_stock_amount":"","sales_update_date":"2024-07-24T14:32:09","calc_backorders":null,"_links":{"self":[{"href":"https:\/\/www.flyshop.cl\/TIENDA\/wp-json\/wp\/v2\/product\/15583","targetHints":{"allow":["GET"]}}],"collection":[{"href":"https:\/\/www.flyshop.cl\/TIENDA\/wp-json\/wp\/v2\/product"}],"about":[{"href":"https:\/\/www.flyshop.cl\/TIENDA\/wp-json\/wp\/v2\/types\/product"}],"replies":[{"embeddable":true,"href":"https:\/\/www.flyshop.cl\/TIENDA\/wp-json\/wp\/v2\/comments?post=15583"}],"wp:featuredmedia":[{"embeddable":true,"href":"https:\/\/www.flyshop.cl\/TIENDA\/wp-json\/wp\/v2\/media\/15584"}],"wp:attachment":[{"href":"https:\/\/www.flyshop.cl\/TIENDA\/wp-json\/wp\/v2\/media?parent=15583"}],"wp:term":[{"taxonomy":"product_brand","embeddable":true,"href":"https:\/\/www.flyshop.cl\/TIENDA\/wp-json\/wp\/v2\/product_brand?post=15583"},{"taxonomy":"product_cat","embeddable":true,"href":"https:\/\/www.flyshop.cl\/TIENDA\/wp-json\/wp\/v2\/product_cat?post=15583"},{"taxonomy":"product_tag","embeddable":true,"href":"https:\/\/www.flyshop.cl\/TIENDA\/wp-json\/wp\/v2\/product_tag?post=15583"}],"curies":[{"name":"wp","href":"https:\/\/api.w.org\/{rel}","templated":true}]}}