{"id":15174,"date":"2022-10-24T14:51:34","date_gmt":"2022-10-24T14:51:34","guid":{"rendered":"https:\/\/www.flyshop.cl\/TIENDA\/?post_type=product&#038;p=15174"},"modified":"2023-01-31T12:54:02","modified_gmt":"2023-01-31T12:54:02","slug":"combo-spinning","status":"publish","type":"product","link":"https:\/\/www.flyshop.cl\/TIENDA\/producto\/combo-spinning\/","title":{"rendered":"combo spinning"},"content":{"rendered":"<p>combo que incluye ca\u00f1a y carrete para pesca modalidad spinning<\/p>\n<p>combo chinook<\/p>\n<p>incluye ca\u00f1a Fj 2.10 mts y carrete 6000<\/p>\n<p>combo trucha<\/p>\n<p>incluye ca\u00f1a fj 1,80 metros y carrete 4000<\/p>\n<p>combo playa<\/p>\n<p>incluye ca\u00f1a fj 3.0 metros y carrete 5000<\/p>\n<p>este producto se envia via correos de Chile o starken.<\/p>\n","protected":false},"excerpt":{"rendered":"<p>combo que incluye ca\u00f1a y carrete para pesca modalidad spinning combo chinook incluye ca\u00f1a Fj 2.10 mts y carrete 6000 combo trucha incluye ca\u00f1a fj 1,80 metros y carrete 4000 combo playa incluye ca\u00f1a fj 3.0 metros y carrete 5000&hellip;<\/p>\n","protected":false},"featured_media":12860,"comment_status":"closed","ping_status":"closed","template":"","meta":{"_joinchat":[]},"product_brand":[],"product_cat":[310,443],"product_tag":[],"class_list":{"0":"post-15174","1":"product","2":"type-product","3":"status-publish","4":"has-post-thumbnail","6":"product_cat-canas-spinning","7":"product_cat-carretes-spinner","8":"entry","9":"has-media","11":"first","12":"outofstock","13":"shipping-taxable","14":"product-type-variable","15":"col","16":"wpex-woo-entry","17":"span_1_of_6 span_1_of_3_pp"},"supplier_id":null,"supplier_sku":"","barcode":null,"atum_controlled":true,"out_stock_date":null,"out_stock_threshold":null,"inheritable":true,"inbound_stock":null,"stock_on_hold":0,"sold_today":0,"sales_last_days":1,"reserved_stock":null,"customer_returns":null,"warehouse_damage":null,"lost_in_post":null,"other_logs":null,"out_stock_days":null,"lost_sales":0,"has_location":false,"update_date":"2023-01-31T12:54:06","atum_locations":[],"atum_stock_status":"outofstock","restock_status":false,"low_stock_amount":"","sales_update_date":null,"calc_backorders":null,"_links":{"self":[{"href":"https:\/\/www.flyshop.cl\/TIENDA\/wp-json\/wp\/v2\/product\/15174","targetHints":{"allow":["GET"]}}],"collection":[{"href":"https:\/\/www.flyshop.cl\/TIENDA\/wp-json\/wp\/v2\/product"}],"about":[{"href":"https:\/\/www.flyshop.cl\/TIENDA\/wp-json\/wp\/v2\/types\/product"}],"replies":[{"embeddable":true,"href":"https:\/\/www.flyshop.cl\/TIENDA\/wp-json\/wp\/v2\/comments?post=15174"}],"wp:featuredmedia":[{"embeddable":true,"href":"https:\/\/www.flyshop.cl\/TIENDA\/wp-json\/wp\/v2\/media\/12860"}],"wp:attachment":[{"href":"https:\/\/www.flyshop.cl\/TIENDA\/wp-json\/wp\/v2\/media?parent=15174"}],"wp:term":[{"taxonomy":"product_brand","embeddable":true,"href":"https:\/\/www.flyshop.cl\/TIENDA\/wp-json\/wp\/v2\/product_brand?post=15174"},{"taxonomy":"product_cat","embeddable":true,"href":"https:\/\/www.flyshop.cl\/TIENDA\/wp-json\/wp\/v2\/product_cat?post=15174"},{"taxonomy":"product_tag","embeddable":true,"href":"https:\/\/www.flyshop.cl\/TIENDA\/wp-json\/wp\/v2\/product_tag?post=15174"}],"curies":[{"name":"wp","href":"https:\/\/api.w.org\/{rel}","templated":true}]}}