{"id":15104,"date":"2022-10-13T14:06:24","date_gmt":"2022-10-13T14:06:24","guid":{"rendered":"https:\/\/www.flyshop.cl\/TIENDA\/?post_type=product&#038;p=15104"},"modified":"2025-12-14T18:27:28","modified_gmt":"2025-12-14T18:27:28","slug":"simms-tech-tee-sterling","status":"publish","type":"product","link":"https:\/\/www.flyshop.cl\/TIENDA\/producto\/simms-tech-tee-sterling\/","title":{"rendered":"Simms tech tee sterling"},"content":{"rendered":"<p>Ya sea lanzando se\u00f1uelos o disfrutando del momento, mantente fresco y c\u00f3modo con esta camiseta t\u00e9cnica ideal, dise\u00f1ada para una transpirabilidad f\u00e1cil, absorci\u00f3n de humedad y protecci\u00f3n solar.<\/p>\n<ul>\n<li>Tela ligera de punto jersey que se siente suave y se estira con cada lanzamiento, mientras absorbe la humedad de la piel para mantenerte c\u00f3modo en climas c\u00e1lidos.<\/li>\n<li>Protecci\u00f3n solar UPF 30+ que bloquea los da\u00f1inos rayos UV.<\/li>\n<li>Lavable y secable a m\u00e1quina. Consulta la etiqueta de la prenda para m\u00e1s detalles.<\/li>\n<\/ul>\n<p><strong>TECNOLOG\u00cdA DE LA TELA:<\/strong><\/p>\n<ul>\n<li>Tela del cuerpo: 100% poli\u00e9ster, 135 g\/m\u00b2, acabada con HeiQ Fresh FFL, MM y Stain Away.<\/li>\n<\/ul>\n<p>&nbsp;<\/p>\n","protected":false},"excerpt":{"rendered":"<p>Ya sea lanzando se\u00f1uelos o disfrutando del momento, mantente fresco y c\u00f3modo con esta camiseta t\u00e9cnica ideal, dise\u00f1ada para una transpirabilidad f\u00e1cil, absorci\u00f3n de humedad y protecci\u00f3n solar. Tela ligera de punto jersey que se siente suave y se estira&hellip;<\/p>\n","protected":false},"featured_media":15108,"comment_status":"closed","ping_status":"closed","template":"","meta":{"_joinchat":[]},"product_brand":[],"product_cat":[450,451,309],"product_tag":[],"class_list":{"0":"post-15104","1":"product","2":"type-product","3":"status-publish","4":"has-post-thumbnail","6":"product_cat-poleras-simms-ropa-hombre","7":"product_cat-primera-capa-simms","8":"product_cat-simms","9":"entry","10":"has-media","12":"first","13":"instock","14":"sale","15":"shipping-taxable","16":"purchasable","17":"product-type-variable","18":"col","19":"wpex-woo-entry","20":"span_1_of_6 span_1_of_3_pp"},"supplier_id":null,"supplier_sku":"","barcode":null,"atum_controlled":true,"out_stock_date":null,"out_stock_threshold":null,"inheritable":true,"inbound_stock":null,"stock_on_hold":1,"sold_today":0,"sales_last_days":2,"reserved_stock":null,"customer_returns":null,"warehouse_damage":null,"lost_in_post":null,"other_logs":null,"out_stock_days":null,"lost_sales":0,"has_location":false,"update_date":"2025-12-15T13:28:54","atum_locations":[],"atum_stock_status":"instock","restock_status":false,"low_stock_amount":"","sales_update_date":null,"calc_backorders":null,"_links":{"self":[{"href":"https:\/\/www.flyshop.cl\/TIENDA\/wp-json\/wp\/v2\/product\/15104","targetHints":{"allow":["GET"]}}],"collection":[{"href":"https:\/\/www.flyshop.cl\/TIENDA\/wp-json\/wp\/v2\/product"}],"about":[{"href":"https:\/\/www.flyshop.cl\/TIENDA\/wp-json\/wp\/v2\/types\/product"}],"replies":[{"embeddable":true,"href":"https:\/\/www.flyshop.cl\/TIENDA\/wp-json\/wp\/v2\/comments?post=15104"}],"wp:featuredmedia":[{"embeddable":true,"href":"https:\/\/www.flyshop.cl\/TIENDA\/wp-json\/wp\/v2\/media\/15108"}],"wp:attachment":[{"href":"https:\/\/www.flyshop.cl\/TIENDA\/wp-json\/wp\/v2\/media?parent=15104"}],"wp:term":[{"taxonomy":"product_brand","embeddable":true,"href":"https:\/\/www.flyshop.cl\/TIENDA\/wp-json\/wp\/v2\/product_brand?post=15104"},{"taxonomy":"product_cat","embeddable":true,"href":"https:\/\/www.flyshop.cl\/TIENDA\/wp-json\/wp\/v2\/product_cat?post=15104"},{"taxonomy":"product_tag","embeddable":true,"href":"https:\/\/www.flyshop.cl\/TIENDA\/wp-json\/wp\/v2\/product_tag?post=15104"}],"curies":[{"name":"wp","href":"https:\/\/api.w.org\/{rel}","templated":true}]}}