{"id":14968,"date":"2022-09-13T16:03:47","date_gmt":"2022-09-13T16:03:47","guid":{"rendered":"https:\/\/www.flyshop.cl\/TIENDA\/?post_type=product&#038;p=14968"},"modified":"2024-11-18T01:41:40","modified_gmt":"2024-11-18T01:41:40","slug":"rio-extreme-indicator","status":"publish","type":"product","link":"https:\/\/www.flyshop.cl\/TIENDA\/producto\/rio-extreme-indicator\/","title":{"rendered":"rio extreme indicator"},"content":{"rendered":"<div id=\"description-collapse\" class=\"product-description collapse show\">\n<p>La l\u00ednea <strong>RIO Xtreme Indicator<\/strong>, ha sido dise\u00f1ada para ser la herramienta efectiva para los pescadores\u00a0de ninfas e indicadores de pique desde un bote. La cabeza corta tiene una taper\u00a0frontal potente que lanza indicadores de pique con facilidad y carg\u00e1ndose en un solo cast. Construida con la tecnolog\u00eda ConnectCore ultra baja de estiramiento de RIO, la l\u00ednea permite una sincronizaci\u00f3n intuitiva del tiempo de casteo, levantamientos de l\u00ednea m\u00e1s f\u00e1ciles y\u00a0correcciones precisas. La falta de estiramiento tambi\u00e9n significa un tiempo de reacci\u00f3n m\u00e1s r\u00e1pido\u00a0para clavar.<br \/>\nEl sistema \u00fanico de tres colores garantiza un control sin precedentes,\u00a0sobre todo por\u00a0el dise\u00f1o de punta de color naranja fuerte.<\/p>\n<p><em>Tecnolog\u00edas : <\/em><br \/>\n<a href=\"http:\/\/www.federicoprato.com.ar\/rio-tecnologias\/\" target=\"_blank\" rel=\"noopener\">ConnectCore &#8211; MaxFloat Tip &#8211; MaxCast &#8211; AgentX<\/a><\/p>\n<p><em>Caracteristicas : <\/em><br \/>\n<a href=\"http:\/\/www.federicoprato.com.ar\/lineas-rio-caracteristicas\/\" target=\"_blank\" rel=\"noopener\">Surefire &#8211; Front Welded Loop &#8211; Back Welded Loop<\/a><\/p>\n<\/div>\n","protected":false},"excerpt":{"rendered":"<p>La l\u00ednea RIO Xtreme Indicator, ha sido dise\u00f1ada para ser la herramienta efectiva para los pescadores\u00a0de ninfas e indicadores de pique desde un bote. La cabeza corta tiene una taper\u00a0frontal potente que lanza indicadores de pique con facilidad y carg\u00e1ndose&hellip;<\/p>\n","protected":false},"featured_media":14970,"comment_status":"closed","ping_status":"closed","template":"","meta":{"_joinchat":[]},"product_brand":[],"product_cat":[159],"product_tag":[],"class_list":{"0":"post-14968","1":"product","2":"type-product","3":"status-publish","4":"has-post-thumbnail","6":"product_cat-lineas-leaders-y-tippet","7":"entry","8":"has-media","10":"first","11":"instock","12":"shipping-taxable","13":"purchasable","14":"product-type-variable","15":"col","16":"wpex-woo-entry","17":"span_1_of_6 span_1_of_3_pp"},"supplier_id":null,"supplier_sku":"","barcode":null,"atum_controlled":true,"out_stock_date":null,"out_stock_threshold":null,"inheritable":true,"inbound_stock":null,"stock_on_hold":0,"sold_today":0,"sales_last_days":0,"reserved_stock":null,"customer_returns":null,"warehouse_damage":null,"lost_in_post":null,"other_logs":null,"out_stock_days":null,"lost_sales":0,"has_location":false,"update_date":"2025-01-01T02:26:37","atum_locations":[],"atum_stock_status":"instock","restock_status":false,"low_stock_amount":"","sales_update_date":null,"calc_backorders":null,"_links":{"self":[{"href":"https:\/\/www.flyshop.cl\/TIENDA\/wp-json\/wp\/v2\/product\/14968","targetHints":{"allow":["GET"]}}],"collection":[{"href":"https:\/\/www.flyshop.cl\/TIENDA\/wp-json\/wp\/v2\/product"}],"about":[{"href":"https:\/\/www.flyshop.cl\/TIENDA\/wp-json\/wp\/v2\/types\/product"}],"replies":[{"embeddable":true,"href":"https:\/\/www.flyshop.cl\/TIENDA\/wp-json\/wp\/v2\/comments?post=14968"}],"wp:featuredmedia":[{"embeddable":true,"href":"https:\/\/www.flyshop.cl\/TIENDA\/wp-json\/wp\/v2\/media\/14970"}],"wp:attachment":[{"href":"https:\/\/www.flyshop.cl\/TIENDA\/wp-json\/wp\/v2\/media?parent=14968"}],"wp:term":[{"taxonomy":"product_brand","embeddable":true,"href":"https:\/\/www.flyshop.cl\/TIENDA\/wp-json\/wp\/v2\/product_brand?post=14968"},{"taxonomy":"product_cat","embeddable":true,"href":"https:\/\/www.flyshop.cl\/TIENDA\/wp-json\/wp\/v2\/product_cat?post=14968"},{"taxonomy":"product_tag","embeddable":true,"href":"https:\/\/www.flyshop.cl\/TIENDA\/wp-json\/wp\/v2\/product_tag?post=14968"}],"curies":[{"name":"wp","href":"https:\/\/api.w.org\/{rel}","templated":true}]}}