{"id":14821,"date":"2022-09-06T20:30:13","date_gmt":"2022-09-06T20:30:13","guid":{"rendered":"https:\/\/www.flyshop.cl\/TIENDA\/?post_type=product&#038;p=14821"},"modified":"2026-04-22T15:00:31","modified_gmt":"2026-04-22T15:00:31","slug":"g3-guide-jacket","status":"publish","type":"product","link":"https:\/\/www.flyshop.cl\/TIENDA\/producto\/g3-guide-jacket\/","title":{"rendered":"g3 guide jacket"},"content":{"rendered":"<div class=\"QmZWSe\">\n<div class=\"DHcWmd\"><\/div>\n<\/div>\n<div class=\"oSioSc\">\n<div id=\"tw-target\">\n<div id=\"kAz1tf\" class=\"g9WsWb\">\n<div id=\"tw-target-text-container\" class=\"tw-ta-container F0azHf tw-nfl\" tabindex=\"0\">\n<pre id=\"tw-target-text\" class=\"tw-data-text tw-text-large tw-ta\" dir=\"ltr\" data-placeholder=\"Traducci\u00f3n\"><span class=\"Y2IQFc\" lang=\"es\">La ic\u00f3nica chaqueta de vadeo G3 Guide\u2122 es la combinaci\u00f3n perfecta de movilidad y utilidad para la pesca. El GORE-TEX\u00ae de 3 capas, ligero y seco garantizado, combinado con el primer GORE-TEX\u00ae Pro de 3 capas con elasticidad, te mover\u00e1 a trav\u00e9s de los elementos con un prop\u00f3sito.\r\n\r\n    GORE-TEX\u00ae Shell duradero, transpirable y c\u00f3modo de 3 capas en todo el cuerpo con paneles el\u00e1sticos GORE-TEX\u00ae colocados estrat\u00e9gicamente para moverse con cada lance din\u00e1mico. La tela se siente resistente para protegerla de la lluvia y duradera para soportar cualquier clima que la madre naturaleza te lance\r\n    Capucha para tormentas ajustable de 3 puntos con panel central de alta visibilidad\r\n    El bolsillo derecho del pecho contiene una estaci\u00f3n de acoplamiento del retractor que se puede usar en el exterior cuando se cambian las moscas y luego se guarda cuando no se usa para reducir la posibilidad de que se enganche la l\u00ednea.\r\n    El bolsillo izquierdo del pecho tiene un parche delantero con lazo para guardar moscas y contiene un pa\u00f1o para lentes removible y atado\r\n    Bolsillo tejido el\u00e1stico con cremallera en el interior del pecho izquierdo del usuario y bolsillo de malla volcado en el interior del pecho derecho del usuario\r\n    Bolsillos calentadores de manos con cremallera construidos con fuelles interiores para almacenamiento adicional y orificios de drenaje exteriores para vadear profundamente\r\n    Las mangas articuladas y los paneles el\u00e1sticos clave en la espalda mejoran la movilidad\r\n    Pu\u00f1os herm\u00e9ticos sin enganche con tejas\r\n    El largo de la chaqueta desde el cuello hasta el dobladillo llega justo debajo de la cintura para combinar con botas y es vers\u00e1til para el rendimiento en cubierta.\r\n\r\n\r\nTECNOLOG\u00cdA DE LA TELA: Parte inferior delantera y trasera del cuerpo - GORE-TEX de 3 capas - 70D 100 % nailon con DWR\/dorso de tricot 100 % nailon; Capucha lateral, parte superior de la espalda, hombros, parte superior de las mangas, bolsillos en el pecho y paneles debajo del brazo - GORE-TEX de 3 capas - 40D 100 % nailon con elasticidad mec\u00e1nica y DWR\/dorso de tricot 100 % nailon<\/span><\/pre>\n<\/div>\n<div id=\"tw-target-rmn-container\" class=\"tw-target-rmn tw-ta-container F0azHf tw-nfl\">\n<pre id=\"tw-target-rmn\" class=\"tw-data-placeholder tw-text-small tw-ta\" dir=\"ltr\" data-placeholder=\"\"><\/pre>\n<\/div>\n<\/div>\n<\/div>\n<\/div>\n","protected":false},"excerpt":{"rendered":"<p>La ic\u00f3nica chaqueta de vadeo G3 Guide\u2122 es la combinaci\u00f3n perfecta de movilidad y utilidad para la pesca. El GORE-TEX\u00ae de 3 capas, ligero y seco garantizado, combinado con el primer GORE-TEX\u00ae Pro de 3 capas con elasticidad, te mover\u00e1&hellip;<\/p>\n","protected":false},"featured_media":14828,"comment_status":"closed","ping_status":"closed","template":"","meta":{"_joinchat":[]},"product_brand":[],"product_cat":[308,299,484,447],"product_tag":[],"class_list":{"0":"post-14821","1":"product","2":"type-product","3":"status-publish","4":"has-post-thumbnail","6":"product_cat-chaquetas-de-vadeo","7":"product_cat-ofertas","8":"product_cat-new-arrivals","9":"product_cat-parkas-y-polerones","10":"entry","11":"has-media","13":"first","14":"outofstock","15":"shipping-taxable","16":"product-type-variable","17":"col","18":"wpex-woo-entry","19":"span_1_of_6 span_1_of_3_pp"},"supplier_id":null,"supplier_sku":"","barcode":null,"atum_controlled":true,"out_stock_date":null,"out_stock_threshold":null,"inheritable":true,"inbound_stock":null,"stock_on_hold":0,"sold_today":1,"sales_last_days":3,"reserved_stock":null,"customer_returns":null,"warehouse_damage":null,"lost_in_post":null,"other_logs":null,"out_stock_days":null,"lost_sales":0,"has_location":false,"update_date":"2026-04-22T15:00:33","atum_locations":[],"atum_stock_status":"outofstock","restock_status":false,"low_stock_amount":"","sales_update_date":null,"calc_backorders":null,"_links":{"self":[{"href":"https:\/\/www.flyshop.cl\/TIENDA\/wp-json\/wp\/v2\/product\/14821","targetHints":{"allow":["GET"]}}],"collection":[{"href":"https:\/\/www.flyshop.cl\/TIENDA\/wp-json\/wp\/v2\/product"}],"about":[{"href":"https:\/\/www.flyshop.cl\/TIENDA\/wp-json\/wp\/v2\/types\/product"}],"replies":[{"embeddable":true,"href":"https:\/\/www.flyshop.cl\/TIENDA\/wp-json\/wp\/v2\/comments?post=14821"}],"wp:featuredmedia":[{"embeddable":true,"href":"https:\/\/www.flyshop.cl\/TIENDA\/wp-json\/wp\/v2\/media\/14828"}],"wp:attachment":[{"href":"https:\/\/www.flyshop.cl\/TIENDA\/wp-json\/wp\/v2\/media?parent=14821"}],"wp:term":[{"taxonomy":"product_brand","embeddable":true,"href":"https:\/\/www.flyshop.cl\/TIENDA\/wp-json\/wp\/v2\/product_brand?post=14821"},{"taxonomy":"product_cat","embeddable":true,"href":"https:\/\/www.flyshop.cl\/TIENDA\/wp-json\/wp\/v2\/product_cat?post=14821"},{"taxonomy":"product_tag","embeddable":true,"href":"https:\/\/www.flyshop.cl\/TIENDA\/wp-json\/wp\/v2\/product_tag?post=14821"}],"curies":[{"name":"wp","href":"https:\/\/api.w.org\/{rel}","templated":true}]}}