{"id":14426,"date":"2022-07-01T20:25:09","date_gmt":"2022-07-01T20:25:09","guid":{"rendered":"https:\/\/www.flyshop.cl\/TIENDA\/?post_type=product&#038;p=14426"},"modified":"2026-04-15T17:31:13","modified_gmt":"2026-04-15T17:31:13","slug":"sage-spectrum-7-8","status":"publish","type":"product","link":"https:\/\/www.flyshop.cl\/TIENDA\/producto\/sage-spectrum-7-8\/","title":{"rendered":"SAGE SPECTRUM 7-8"},"content":{"rendered":"<div id=\"description-collapse\" class=\"product-description collapse show\">\n<p>Siguiendo el modelo de la popular serie 4200, el Sage Spectrum\u00a0es un verdadero\u00a0reel de alto rendimiento.<br \/>\nTotalmente mecanizado.<br \/>\nCon la superficie del spool\u00a0c\u00f3ncava, tiene una capacidad de l\u00ednea \u00f3ptima y un\u00a0excelente control y suavidad en el frenado.<br \/>\nEl Spectrum es liviano, extremadamente\u00a0fuerte y posee todas de las caracter\u00edsticas que usted espera encotrar.<\/p>\n<p>Caracter\u00edsticas:<br \/>\n\u2022 Freno SCS.<br \/>\n\u2022\u00a0Control de freno One Revolution, con ajustes numerados para m\u00e1ximo control.<br \/>\n\u2022\u00a0Eje Large arbor para recogida r\u00e1pida de l\u00edneas.<br \/>\n\u2022\u00a0Centro c\u00f3ncavo para mayor resistencia y capacidad.<br \/>\n\u2022\u00a0Mango ergon\u00f3mico de aluminio mecanizado y anodizado.<br \/>\n\u2022\u00a0F\u00e1cil conversi\u00f3n de izquierda a derecha.<br \/>\n\u2022\u00a0Funda de neopreno con logo Sage bordado.<\/p>\n<p>Materiales:<br \/>\n\u2022\u00a0Auminio aeroespacial 6061-T6 totalmente mecanizado.<br \/>\n\u2022\u00a0Forjado en fr\u00edo y templado para mayor resistencia y rigidez.<br \/>\n\u2022\u00a0Anodizado duro para mayor protecci\u00f3n de la superficie y resistencia a la corrosi\u00f3n.<\/p>\n<\/div>\n","protected":false},"excerpt":{"rendered":"<p>https:\/\/vimeo.com\/281355964<\/p>\n","protected":false},"featured_media":8633,"comment_status":"open","ping_status":"closed","template":"","meta":{"_joinchat":[]},"product_brand":[],"product_cat":[678],"product_tag":[],"class_list":{"0":"post-14426","1":"product","2":"type-product","3":"status-publish","4":"has-post-thumbnail","6":"product_cat-carretes-fly-fishing","7":"entry","8":"has-media","10":"first","11":"instock","12":"shipping-taxable","13":"purchasable","14":"product-type-variable","15":"col","16":"wpex-woo-entry","17":"span_1_of_6 span_1_of_3_pp"},"supplier_id":null,"supplier_sku":"","barcode":null,"atum_controlled":true,"out_stock_date":null,"out_stock_threshold":null,"inheritable":true,"inbound_stock":null,"stock_on_hold":0,"sold_today":0,"sales_last_days":2,"reserved_stock":null,"customer_returns":null,"warehouse_damage":null,"lost_in_post":null,"other_logs":null,"out_stock_days":0,"lost_sales":0,"has_location":false,"update_date":"2026-04-15T17:31:14","atum_locations":[],"atum_stock_status":"instock","restock_status":false,"low_stock_amount":"","sales_update_date":null,"calc_backorders":null,"_links":{"self":[{"href":"https:\/\/www.flyshop.cl\/TIENDA\/wp-json\/wp\/v2\/product\/14426","targetHints":{"allow":["GET"]}}],"collection":[{"href":"https:\/\/www.flyshop.cl\/TIENDA\/wp-json\/wp\/v2\/product"}],"about":[{"href":"https:\/\/www.flyshop.cl\/TIENDA\/wp-json\/wp\/v2\/types\/product"}],"replies":[{"embeddable":true,"href":"https:\/\/www.flyshop.cl\/TIENDA\/wp-json\/wp\/v2\/comments?post=14426"}],"wp:featuredmedia":[{"embeddable":true,"href":"https:\/\/www.flyshop.cl\/TIENDA\/wp-json\/wp\/v2\/media\/8633"}],"wp:attachment":[{"href":"https:\/\/www.flyshop.cl\/TIENDA\/wp-json\/wp\/v2\/media?parent=14426"}],"wp:term":[{"taxonomy":"product_brand","embeddable":true,"href":"https:\/\/www.flyshop.cl\/TIENDA\/wp-json\/wp\/v2\/product_brand?post=14426"},{"taxonomy":"product_cat","embeddable":true,"href":"https:\/\/www.flyshop.cl\/TIENDA\/wp-json\/wp\/v2\/product_cat?post=14426"},{"taxonomy":"product_tag","embeddable":true,"href":"https:\/\/www.flyshop.cl\/TIENDA\/wp-json\/wp\/v2\/product_tag?post=14426"}],"curies":[{"name":"wp","href":"https:\/\/api.w.org\/{rel}","templated":true}]}}