{"id":14365,"date":"2022-06-15T15:57:59","date_gmt":"2022-06-15T15:57:59","guid":{"rendered":"https:\/\/www.flyshop.cl\/TIENDA\/?post_type=product&#038;p=14365"},"modified":"2024-03-14T16:35:51","modified_gmt":"2024-03-14T16:35:51","slug":"daiwa-bg-mq4000d-xh","status":"publish","type":"product","link":"https:\/\/www.flyshop.cl\/TIENDA\/producto\/daiwa-bg-mq4000d-xh\/","title":{"rendered":"DAIWA BG MQ4000D-XH"},"content":{"rendered":"<div class=\"product-desc\">\n<h4 class=\"highlight-features-title\"><strong>MONOCOQUE (MQ) = Cuerpo de 1 pieza<\/strong><\/h4>\n<p><strong>CUERPO DE ALUMINIO<\/strong><br \/>\n<strong>Ligero e incre\u00edblemente resistente, el aluminio permite lograr la resistencia y la ingravidez sin los problemas de costo y corrosi\u00f3n de otros metales.<\/strong><\/p>\n<p><strong>ARRASTRE ATD<\/strong><br \/>\n<strong>Automatic Tournament Drag de Daiwa utiliza una grasa de arrastre mejorada que exhibe una baja viscosidad en reposo, pero se vuelve m\u00e1s viscosa inmediatamente despu\u00e9s del inicio del arrastre. Esto reduce la inercia de arrastre inicial del arrastre y, combinado con los cambios estructurales en el sistema de arrastre ATD, da como resultado un arrastre m\u00e1s suave desde el acoplamiento inicial.<\/strong><\/p>\n<p><strong>DIGITAL<\/strong><br \/>\n<strong>La primera generaci\u00f3n de dise\u00f1o de engranajes de ingenier\u00eda digital de Daiwa garantiza una combinaci\u00f3n perfecta entre el engranaje impulsor ultrarresistente y los engranajes de pi\u00f1\u00f3n para optimizar la velocidad, la potencia, la durabilidad y la suavidad.<\/strong><\/p>\n<p><strong>\u00a0<\/strong><\/p>\n<p><strong>PESO: 285 g<\/strong><\/p>\n<p><strong>POTENCIA DE FRENO: 12 kg<\/strong><\/p>\n<p><strong>CAPACIDAD: 0.25 mm-330 M<\/strong><\/p>\n<p><strong>RATIO : 6.2:1 &#8211; 99 cm\u00a0<\/strong><\/p>\n<p><strong>RODAMIENTOS: 6+1\u00a0<\/strong><\/p>\n<p><strong>Tama\u00f1o: 4000\u00a0 \u00a0\u00a0<\/strong><\/p>\n<p>&nbsp;<\/p>\n<\/div>\n","protected":false},"excerpt":{"rendered":"<p>https:\/\/www.youtube.com\/watch?v=TO7y0o7aZu0&amp;feature=emb_title<\/p>\n","protected":false},"featured_media":14366,"comment_status":"closed","ping_status":"closed","template":"","meta":{"_joinchat":[]},"product_brand":[],"product_cat":[443],"product_tag":[],"class_list":{"0":"post-14365","1":"product","2":"type-product","3":"status-publish","4":"has-post-thumbnail","6":"product_cat-carretes-spinner","7":"entry","8":"has-media","10":"first","11":"outofstock","12":"shipping-taxable","13":"purchasable","14":"product-type-simple","15":"col","16":"wpex-woo-entry","17":"span_1_of_6 span_1_of_3_pp"},"supplier_id":null,"supplier_sku":"","barcode":null,"atum_controlled":true,"out_stock_date":"2024-03-14 16:35:51","out_stock_threshold":null,"inheritable":false,"inbound_stock":null,"stock_on_hold":0,"sold_today":0,"sales_last_days":0,"reserved_stock":null,"customer_returns":null,"warehouse_damage":null,"lost_in_post":null,"other_logs":null,"out_stock_days":0,"lost_sales":0,"has_location":false,"update_date":"2024-03-14T16:35:53","atum_locations":[],"atum_stock_status":"outofstock","restock_status":false,"low_stock_amount":"","sales_update_date":null,"calc_backorders":null,"_links":{"self":[{"href":"https:\/\/www.flyshop.cl\/TIENDA\/wp-json\/wp\/v2\/product\/14365","targetHints":{"allow":["GET"]}}],"collection":[{"href":"https:\/\/www.flyshop.cl\/TIENDA\/wp-json\/wp\/v2\/product"}],"about":[{"href":"https:\/\/www.flyshop.cl\/TIENDA\/wp-json\/wp\/v2\/types\/product"}],"replies":[{"embeddable":true,"href":"https:\/\/www.flyshop.cl\/TIENDA\/wp-json\/wp\/v2\/comments?post=14365"}],"wp:featuredmedia":[{"embeddable":true,"href":"https:\/\/www.flyshop.cl\/TIENDA\/wp-json\/wp\/v2\/media\/14366"}],"wp:attachment":[{"href":"https:\/\/www.flyshop.cl\/TIENDA\/wp-json\/wp\/v2\/media?parent=14365"}],"wp:term":[{"taxonomy":"product_brand","embeddable":true,"href":"https:\/\/www.flyshop.cl\/TIENDA\/wp-json\/wp\/v2\/product_brand?post=14365"},{"taxonomy":"product_cat","embeddable":true,"href":"https:\/\/www.flyshop.cl\/TIENDA\/wp-json\/wp\/v2\/product_cat?post=14365"},{"taxonomy":"product_tag","embeddable":true,"href":"https:\/\/www.flyshop.cl\/TIENDA\/wp-json\/wp\/v2\/product_tag?post=14365"}],"curies":[{"name":"wp","href":"https:\/\/api.w.org\/{rel}","templated":true}]}}