{"id":14061,"date":"2022-04-18T21:05:35","date_gmt":"2022-04-18T21:05:35","guid":{"rendered":"https:\/\/www.flyshop.cl\/TIENDA\/?post_type=product&#038;p=14061"},"modified":"2024-11-28T14:43:29","modified_gmt":"2024-11-28T14:43:29","slug":"abel-vaya-4-5-wild-trout","status":"publish","type":"product","link":"https:\/\/www.flyshop.cl\/TIENDA\/producto\/abel-vaya-4-5-wild-trout\/","title":{"rendered":"ABEL VAYA 4\/5 WILD TROUT"},"content":{"rendered":"<p>Creada por los \u00e1vidos pescadores de Colorado, la serie VAYA nos muestra un nuevo aspecto y sensaci\u00f3n t\u00e9cnica junto con un rendimiento excepcional. El marco VAYA\u00a0 portado ofrece la combinaci\u00f3n \u00fanica de peso minimizado, incre\u00edble rigidez, y suficiente \u00e1rea de superficie para resaltar los acabados anodizados a mano de Abel. El interior del marco tambi\u00e9n cuenta con diferentes conjuntos de patrones de mosca relevantes para cada tama\u00f1o de carrete.<\/p>\n<p>La bobina de gran eje cuenta con un dise\u00f1o de enganche de arrastre de doble pata equilibrado con\u00a0 gran precisi\u00f3n que elimina la necesidad de un contrapeso. El clic entrante mec\u00e1nico del carrete complementa la sensaci\u00f3n audible y suave del arrastre saliente. El sistema de arrastre multidisco de carbono y acero inoxidable produce una resistencia sustancial, al tiempo que proporciona una amplia gama de ajustes para un delicada tippet.<\/p>\n<p>VAYA: el nuevo carrete &#8216;go-to&#8217; para todo, desde agua dulce a salada.<\/p>\n<p>&nbsp;<\/p>\n","protected":false},"excerpt":{"rendered":"<p>Creada por los \u00e1vidos pescadores de Colorado, la serie VAYA nos muestra un nuevo aspecto y sensaci\u00f3n t\u00e9cnica junto con un rendimiento excepcional. El marco VAYA\u00a0 portado ofrece la combinaci\u00f3n \u00fanica de peso minimizado, incre\u00edble rigidez, y suficiente \u00e1rea de&hellip;<\/p>\n","protected":false},"featured_media":16260,"comment_status":"closed","ping_status":"closed","template":"","meta":{"_joinchat":[]},"product_brand":[],"product_cat":[678],"product_tag":[],"class_list":{"0":"post-14061","1":"product","2":"type-product","3":"status-publish","4":"has-post-thumbnail","6":"product_cat-carretes-fly-fishing","7":"entry","8":"has-media","10":"first","11":"instock","12":"shipping-taxable","13":"purchasable","14":"product-type-simple","15":"col","16":"wpex-woo-entry","17":"span_1_of_6 span_1_of_3_pp"},"supplier_id":null,"supplier_sku":"","barcode":null,"atum_controlled":true,"out_stock_date":null,"out_stock_threshold":null,"inheritable":false,"inbound_stock":null,"stock_on_hold":0,"sold_today":0,"sales_last_days":0,"reserved_stock":null,"customer_returns":null,"warehouse_damage":null,"lost_in_post":null,"other_logs":null,"out_stock_days":0,"lost_sales":0,"has_location":false,"update_date":"2024-11-28T14:43:32","atum_locations":[],"atum_stock_status":"instock","restock_status":false,"low_stock_amount":"","sales_update_date":null,"calc_backorders":null,"_links":{"self":[{"href":"https:\/\/www.flyshop.cl\/TIENDA\/wp-json\/wp\/v2\/product\/14061","targetHints":{"allow":["GET"]}}],"collection":[{"href":"https:\/\/www.flyshop.cl\/TIENDA\/wp-json\/wp\/v2\/product"}],"about":[{"href":"https:\/\/www.flyshop.cl\/TIENDA\/wp-json\/wp\/v2\/types\/product"}],"replies":[{"embeddable":true,"href":"https:\/\/www.flyshop.cl\/TIENDA\/wp-json\/wp\/v2\/comments?post=14061"}],"wp:featuredmedia":[{"embeddable":true,"href":"https:\/\/www.flyshop.cl\/TIENDA\/wp-json\/wp\/v2\/media\/16260"}],"wp:attachment":[{"href":"https:\/\/www.flyshop.cl\/TIENDA\/wp-json\/wp\/v2\/media?parent=14061"}],"wp:term":[{"taxonomy":"product_brand","embeddable":true,"href":"https:\/\/www.flyshop.cl\/TIENDA\/wp-json\/wp\/v2\/product_brand?post=14061"},{"taxonomy":"product_cat","embeddable":true,"href":"https:\/\/www.flyshop.cl\/TIENDA\/wp-json\/wp\/v2\/product_cat?post=14061"},{"taxonomy":"product_tag","embeddable":true,"href":"https:\/\/www.flyshop.cl\/TIENDA\/wp-json\/wp\/v2\/product_tag?post=14061"}],"curies":[{"name":"wp","href":"https:\/\/api.w.org\/{rel}","templated":true}]}}