{"id":13997,"date":"2022-04-05T17:57:21","date_gmt":"2022-04-05T17:57:21","guid":{"rendered":"https:\/\/www.flyshop.cl\/TIENDA\/?post_type=product&#038;p=13997"},"modified":"2025-12-22T01:58:36","modified_gmt":"2025-12-22T01:58:36","slug":"sage-r8","status":"publish","type":"product","link":"https:\/\/www.flyshop.cl\/TIENDA\/producto\/sage-r8\/","title":{"rendered":"SAGE R8"},"content":{"rendered":"<p>La ca\u00f1a mas versatil que ha fabricado SAGE. Una ca\u00f1a dise\u00f1ada para pesca en todas aguas , desde ninfas hasta streamers grandes.<\/p>\n<p>la Nueva tecnolog<\/p>\n<ul>\n<li class=\"linked_product_options linked_product_tab\"><a href=\"https:\/\/www.flyshop.cl\/TIENDA\/wp-admin\/post.php?post=13997&amp;action=edit#linked_product_data\">Productos relacionados<\/a><\/li>\n<\/ul>\n<p>ia de grafito R8 incoporada en esta ca\u00f1a da al pecador mas potencia en la parte inferior para las peleas pero al mismo tiempo mantiene la sensacion y sensibilidad en la parte superior.<\/p>\n<p>Este nuevo Grafito ademas cuenta con mayor fibra de carbono dentro del tramo lo que permite una mejor transferencia de energia.<\/p>\n<div class=\"wpex-responsive-media\"><iframe loading=\"lazy\" title=\"Sage Fly Rods - Behind The R8\" width=\"980\" height=\"551\" src=\"https:\/\/www.youtube.com\/embed\/r6vhkLBY5xw?feature=oembed\"  allow=\"accelerometer; autoplay; clipboard-write; encrypted-media; gyroscope; picture-in-picture; web-share\" referrerpolicy=\"strict-origin-when-cross-origin\" allowfullscreen><\/iframe><\/div>\n<p>&nbsp;<\/p>\n","protected":false},"excerpt":{"rendered":"<p>La ca\u00f1a mas versatil que ha fabricado SAGE. Una ca\u00f1a dise\u00f1ada para pesca en todas aguas , desde ninfas hasta streamers grandes. la Nueva tecnolog Productos relacionados ia de grafito R8 incoporada en esta ca\u00f1a da al pecador mas potencia&hellip;<\/p>\n","protected":false},"featured_media":14004,"comment_status":"closed","ping_status":"closed","template":"","meta":{"_joinchat":[]},"product_brand":[],"product_cat":[679,787],"product_tag":[],"class_list":{"0":"post-13997","1":"product","2":"type-product","3":"status-publish","4":"has-post-thumbnail","6":"product_cat-canas-fly-fishing","7":"product_cat-sage","8":"entry","9":"has-media","11":"first","12":"instock","13":"shipping-taxable","14":"purchasable","15":"product-type-variable","16":"col","17":"wpex-woo-entry","18":"span_1_of_6 span_1_of_3_pp"},"supplier_id":null,"supplier_sku":"","barcode":null,"atum_controlled":true,"out_stock_date":null,"out_stock_threshold":null,"inheritable":true,"inbound_stock":null,"stock_on_hold":0,"sold_today":1,"sales_last_days":2,"reserved_stock":null,"customer_returns":null,"warehouse_damage":null,"lost_in_post":null,"other_logs":null,"out_stock_days":0,"lost_sales":0,"has_location":false,"update_date":"2025-12-22T18:49:49","atum_locations":[],"atum_stock_status":"instock","restock_status":false,"low_stock_amount":"","sales_update_date":null,"calc_backorders":null,"_links":{"self":[{"href":"https:\/\/www.flyshop.cl\/TIENDA\/wp-json\/wp\/v2\/product\/13997","targetHints":{"allow":["GET"]}}],"collection":[{"href":"https:\/\/www.flyshop.cl\/TIENDA\/wp-json\/wp\/v2\/product"}],"about":[{"href":"https:\/\/www.flyshop.cl\/TIENDA\/wp-json\/wp\/v2\/types\/product"}],"replies":[{"embeddable":true,"href":"https:\/\/www.flyshop.cl\/TIENDA\/wp-json\/wp\/v2\/comments?post=13997"}],"wp:featuredmedia":[{"embeddable":true,"href":"https:\/\/www.flyshop.cl\/TIENDA\/wp-json\/wp\/v2\/media\/14004"}],"wp:attachment":[{"href":"https:\/\/www.flyshop.cl\/TIENDA\/wp-json\/wp\/v2\/media?parent=13997"}],"wp:term":[{"taxonomy":"product_brand","embeddable":true,"href":"https:\/\/www.flyshop.cl\/TIENDA\/wp-json\/wp\/v2\/product_brand?post=13997"},{"taxonomy":"product_cat","embeddable":true,"href":"https:\/\/www.flyshop.cl\/TIENDA\/wp-json\/wp\/v2\/product_cat?post=13997"},{"taxonomy":"product_tag","embeddable":true,"href":"https:\/\/www.flyshop.cl\/TIENDA\/wp-json\/wp\/v2\/product_tag?post=13997"}],"curies":[{"name":"wp","href":"https:\/\/api.w.org\/{rel}","templated":true}]}}