{"id":13902,"date":"2022-03-03T15:34:36","date_gmt":"2022-03-03T15:34:36","guid":{"rendered":"https:\/\/www.flyshop.cl\/TIENDA\/?post_type=product&#038;p=13902"},"modified":"2026-01-22T18:14:10","modified_gmt":"2026-01-22T18:14:10","slug":"intruder-bicomp-shirt-sterling","status":"publish","type":"product","link":"https:\/\/www.flyshop.cl\/TIENDA\/producto\/intruder-bicomp-shirt-sterling\/","title":{"rendered":"INTRUDER BICOMP SHIRT STERLING"},"content":{"rendered":"<p>Respira, bloquea el sol y almacena el\u00a0esencial. Esta camisa t\u00e9cnica <strong>Simms\u00ae Intruder BiComp Shirt <\/strong>cuenta con dos bolsillos en el pecho con cremallera en el pecho y tejido de malla en los pu\u00f1os\u00a0para mantener las mangas levantadas en su lugar. El\u00a0Intruder\u00ae est\u00e1 fabricado con tela de poli\u00e9ster duradera y de secado r\u00e1pido en el cuerpo principal y tela de malla en los paneles laterales de\u00a0las mangas y del cuerpo para mayor movilidad.<\/p>\n<p><strong>CARACTER\u00cdSTICAS:<\/strong><\/p>\n<ul>\n<li>Secado r\u00e1pido, absorci\u00f3n, antiolor y UPF 50<\/li>\n<li>2 bolsillos con cremallera en el pecho compatibles con caja de mosca<\/li>\n<li>Tejido de malla en los paneles laterales del cuerpo y las mangas para mayor comodidad.<\/li>\n<li>Gamurza para limpiar las gafas de sol dentro del dobladillo inferior<\/li>\n<\/ul>\n<p><strong>TELA TECH: <\/strong>100% poli\u00e9ster.<\/p>\n","protected":false},"excerpt":{"rendered":"<p>Respira, bloquea el sol y almacena el\u00a0esencial. Esta camisa t\u00e9cnica Simms\u00ae Intruder BiComp Shirt cuenta con dos bolsillos en el pecho con cremallera en el pecho y tejido de malla en los pu\u00f1os\u00a0para mantener las mangas levantadas en su lugar.&hellip;<\/p>\n","protected":false},"featured_media":13904,"comment_status":"closed","ping_status":"closed","template":"","meta":{"_joinchat":[]},"product_brand":[],"product_cat":[124,484,309],"product_tag":[],"class_list":{"0":"post-13902","1":"product","2":"type-product","3":"status-publish","4":"has-post-thumbnail","6":"product_cat-camisas-simms","7":"product_cat-new-arrivals","8":"product_cat-simms","9":"entry","10":"has-media","12":"first","13":"instock","14":"shipping-taxable","15":"purchasable","16":"product-type-variable","17":"col","18":"wpex-woo-entry","19":"span_1_of_6 span_1_of_3_pp"},"supplier_id":null,"supplier_sku":"","barcode":null,"atum_controlled":true,"out_stock_date":null,"out_stock_threshold":null,"inheritable":true,"inbound_stock":null,"stock_on_hold":1,"sold_today":1,"sales_last_days":1,"reserved_stock":null,"customer_returns":null,"warehouse_damage":null,"lost_in_post":null,"other_logs":null,"out_stock_days":0,"lost_sales":0,"has_location":false,"update_date":"2026-01-22T18:14:11","atum_locations":[],"atum_stock_status":"instock","restock_status":false,"low_stock_amount":"","sales_update_date":null,"calc_backorders":null,"_links":{"self":[{"href":"https:\/\/www.flyshop.cl\/TIENDA\/wp-json\/wp\/v2\/product\/13902","targetHints":{"allow":["GET"]}}],"collection":[{"href":"https:\/\/www.flyshop.cl\/TIENDA\/wp-json\/wp\/v2\/product"}],"about":[{"href":"https:\/\/www.flyshop.cl\/TIENDA\/wp-json\/wp\/v2\/types\/product"}],"replies":[{"embeddable":true,"href":"https:\/\/www.flyshop.cl\/TIENDA\/wp-json\/wp\/v2\/comments?post=13902"}],"wp:featuredmedia":[{"embeddable":true,"href":"https:\/\/www.flyshop.cl\/TIENDA\/wp-json\/wp\/v2\/media\/13904"}],"wp:attachment":[{"href":"https:\/\/www.flyshop.cl\/TIENDA\/wp-json\/wp\/v2\/media?parent=13902"}],"wp:term":[{"taxonomy":"product_brand","embeddable":true,"href":"https:\/\/www.flyshop.cl\/TIENDA\/wp-json\/wp\/v2\/product_brand?post=13902"},{"taxonomy":"product_cat","embeddable":true,"href":"https:\/\/www.flyshop.cl\/TIENDA\/wp-json\/wp\/v2\/product_cat?post=13902"},{"taxonomy":"product_tag","embeddable":true,"href":"https:\/\/www.flyshop.cl\/TIENDA\/wp-json\/wp\/v2\/product_tag?post=13902"}],"curies":[{"name":"wp","href":"https:\/\/api.w.org\/{rel}","templated":true}]}}