{"id":13870,"date":"2022-02-28T15:35:24","date_gmt":"2022-02-28T15:35:24","guid":{"rendered":"https:\/\/www.flyshop.cl\/TIENDA\/?post_type=product&#038;p=13870"},"modified":"2022-09-07T22:38:46","modified_gmt":"2022-09-07T22:38:46","slug":"kahuna-lt-strike-indicator","status":"publish","type":"product","link":"https:\/\/www.flyshop.cl\/TIENDA\/producto\/kahuna-lt-strike-indicator\/","title":{"rendered":"KAHUNA LT STRIKE INDICATOR"},"content":{"rendered":"<p>El nuevo RIO Kahuna LT es un ingenioso indicador de picada formado por una l\u00ednea de alta flotaci\u00f3n al que le han quitado el n\u00facleo, dejando un agujero vac\u00edo en su centro. Simplemente rompa la longitud deseada y pase el enhebrador por el centro. Cada paquete contiene un enhebrador para hacer el montaje de manera sencilla. El resultado final es un indicador incre\u00edblemente sensible que se adhiere a un leader c\u00f3nico de monofilamento y permanece en su lugar sin da\u00f1arlo.<\/p>\n<p>Cada paquete contiene 6 tiras de 15 cm de longitud cada una, en colores Naranja Fluor, Chartreuse y Blanco. Podemos usar un rotulador permanente para colorear el indicador blanco a cualquier color que precisemos. De esta forma podremos elaborar nuestros indicadores bi-colores de una forma extremadamente sencilla.<\/p>\n<p>Recomendamos el indicador m\u00e1s fino &#8220;Thin&#8221; para aguas tranquilas y moscas m\u00e1s peque\u00f1as, mientras que el m\u00e1s grueso &#8220;Thicker&#8221; ser\u00e1 m\u00e1s f\u00e1cilmente visible en aguas m\u00e1s r\u00e1pidas y con poca luz.<\/p>\n<div class=\"wpex-responsive-media\"><iframe loading=\"lazy\" title=\"RIO&#039;s Kahuna LT Strike Indicator\" src=\"https:\/\/player.vimeo.com\/video\/284828077?h=8f5275e2a3&amp;dnt=1&amp;app_id=122963\" width=\"980\" height=\"551\"  allow=\"autoplay; fullscreen; picture-in-picture\" allowfullscreen><\/iframe><\/div>\n","protected":false},"excerpt":{"rendered":"<p>El nuevo RIO Kahuna LT es un ingenioso indicador de picada formado por una l\u00ednea de alta flotaci\u00f3n al que le han quitado el n\u00facleo, dejando un agujero vac\u00edo en su centro. Simplemente rompa la longitud deseada y pase el&hellip;<\/p>\n","protected":false},"featured_media":13871,"comment_status":"closed","ping_status":"closed","template":"","meta":{"_joinchat":[]},"product_brand":[],"product_cat":[653],"product_tag":[],"class_list":{"0":"post-13870","1":"product","2":"type-product","3":"status-publish","4":"has-post-thumbnail","6":"product_cat-leaders","7":"entry","8":"has-media","10":"first","11":"outofstock","12":"shipping-taxable","13":"product-type-variable","14":"col","15":"wpex-woo-entry","16":"span_1_of_6 span_1_of_3_pp"},"supplier_id":null,"supplier_sku":"","barcode":null,"atum_controlled":true,"out_stock_date":null,"out_stock_threshold":null,"inheritable":true,"inbound_stock":null,"stock_on_hold":0,"sold_today":0,"sales_last_days":1,"reserved_stock":null,"customer_returns":null,"warehouse_damage":null,"lost_in_post":null,"other_logs":null,"out_stock_days":0,"lost_sales":0,"has_location":false,"update_date":"2022-09-07T22:38:49","atum_locations":[],"atum_stock_status":"outofstock","restock_status":false,"low_stock_amount":"","sales_update_date":null,"calc_backorders":null,"_links":{"self":[{"href":"https:\/\/www.flyshop.cl\/TIENDA\/wp-json\/wp\/v2\/product\/13870","targetHints":{"allow":["GET"]}}],"collection":[{"href":"https:\/\/www.flyshop.cl\/TIENDA\/wp-json\/wp\/v2\/product"}],"about":[{"href":"https:\/\/www.flyshop.cl\/TIENDA\/wp-json\/wp\/v2\/types\/product"}],"replies":[{"embeddable":true,"href":"https:\/\/www.flyshop.cl\/TIENDA\/wp-json\/wp\/v2\/comments?post=13870"}],"wp:featuredmedia":[{"embeddable":true,"href":"https:\/\/www.flyshop.cl\/TIENDA\/wp-json\/wp\/v2\/media\/13871"}],"wp:attachment":[{"href":"https:\/\/www.flyshop.cl\/TIENDA\/wp-json\/wp\/v2\/media?parent=13870"}],"wp:term":[{"taxonomy":"product_brand","embeddable":true,"href":"https:\/\/www.flyshop.cl\/TIENDA\/wp-json\/wp\/v2\/product_brand?post=13870"},{"taxonomy":"product_cat","embeddable":true,"href":"https:\/\/www.flyshop.cl\/TIENDA\/wp-json\/wp\/v2\/product_cat?post=13870"},{"taxonomy":"product_tag","embeddable":true,"href":"https:\/\/www.flyshop.cl\/TIENDA\/wp-json\/wp\/v2\/product_tag?post=13870"}],"curies":[{"name":"wp","href":"https:\/\/api.w.org\/{rel}","templated":true}]}}