{"id":13667,"date":"2022-01-17T14:36:33","date_gmt":"2022-01-17T14:36:33","guid":{"rendered":"https:\/\/www.flyshop.cl\/TIENDA\/?post_type=product&#038;p=13667"},"modified":"2025-03-20T13:49:05","modified_gmt":"2025-03-20T13:49:05","slug":"ms-lightweight-baselayer-top-black","status":"publish","type":"product","link":"https:\/\/www.flyshop.cl\/TIENDA\/producto\/ms-lightweight-baselayer-top-black\/","title":{"rendered":"M&#8217;S LIGHTWEIGHT BASELAYER TOP BLACK"},"content":{"rendered":"<div class=\"flex flex-grow flex-col max-w-full\">\n<div class=\"min-h-[20px] text-message flex flex-col items-start gap-3 whitespace-pre-wrap break-words [.text-message+&amp;]:mt-5 overflow-x-auto\" data-message-author-role=\"assistant\" data-message-id=\"08f15177-0f6b-4134-8182-7ef59b19f5f9\">\n<div class=\"markdown prose w-full break-words dark:prose-invert light\">\n<p>La parte superior del Baselayer Ligero de Simms es la capa esencial junto a la piel para construir una base s\u00f3lida que prioriza la movilidad durante todo el d\u00eda, la calidez y la absorci\u00f3n de la humedad.<\/p>\n<ul>\n<li>Poli\u00e9ster cepillado de punto jersey combinado con control de olores sostenible y gesti\u00f3n de la humedad para un m\u00e1ximo confort junto a la piel.<\/li>\n<li>Mangas ragl\u00e1n para un ajuste y movimiento \u00f3ptimos.<\/li>\n<li>Construcci\u00f3n de costuras planas para una comodidad junto a la piel.<\/li>\n<\/ul>\n<p>TEJIDO:<\/p>\n<p>Cuerpo: 192 gsm 92% poli\u00e9ster hilado, 8% spandex terminado con control de olores HeiQ Fresh + HeiQ Speed Dry.<\/p>\n<\/div>\n<\/div>\n<\/div>\n","protected":false},"excerpt":{"rendered":"<p>La parte superior del Baselayer Ligero de Simms es la capa esencial junto a la piel para construir una base s\u00f3lida que prioriza la movilidad durante todo el d\u00eda, la calidez y la absorci\u00f3n de la humedad. Poli\u00e9ster cepillado de&hellip;<\/p>\n","protected":false},"featured_media":13678,"comment_status":"closed","ping_status":"closed","template":"","meta":{"_joinchat":[]},"product_brand":[],"product_cat":[451,309],"product_tag":[],"class_list":{"0":"post-13667","1":"product","2":"type-product","3":"status-publish","4":"has-post-thumbnail","6":"product_cat-primera-capa-simms","7":"product_cat-simms","8":"entry","9":"has-media","11":"first","12":"outofstock","13":"shipping-taxable","14":"product-type-variable","15":"col","16":"wpex-woo-entry","17":"span_1_of_6 span_1_of_3_pp"},"supplier_id":null,"supplier_sku":"","barcode":null,"atum_controlled":true,"out_stock_date":null,"out_stock_threshold":null,"inheritable":true,"inbound_stock":null,"stock_on_hold":0,"sold_today":0,"sales_last_days":2,"reserved_stock":null,"customer_returns":null,"warehouse_damage":null,"lost_in_post":null,"other_logs":null,"out_stock_days":0,"lost_sales":0,"has_location":false,"update_date":"2025-03-20T13:49:08","atum_locations":[],"atum_stock_status":"outofstock","restock_status":false,"low_stock_amount":"","sales_update_date":null,"calc_backorders":null,"_links":{"self":[{"href":"https:\/\/www.flyshop.cl\/TIENDA\/wp-json\/wp\/v2\/product\/13667","targetHints":{"allow":["GET"]}}],"collection":[{"href":"https:\/\/www.flyshop.cl\/TIENDA\/wp-json\/wp\/v2\/product"}],"about":[{"href":"https:\/\/www.flyshop.cl\/TIENDA\/wp-json\/wp\/v2\/types\/product"}],"replies":[{"embeddable":true,"href":"https:\/\/www.flyshop.cl\/TIENDA\/wp-json\/wp\/v2\/comments?post=13667"}],"wp:featuredmedia":[{"embeddable":true,"href":"https:\/\/www.flyshop.cl\/TIENDA\/wp-json\/wp\/v2\/media\/13678"}],"wp:attachment":[{"href":"https:\/\/www.flyshop.cl\/TIENDA\/wp-json\/wp\/v2\/media?parent=13667"}],"wp:term":[{"taxonomy":"product_brand","embeddable":true,"href":"https:\/\/www.flyshop.cl\/TIENDA\/wp-json\/wp\/v2\/product_brand?post=13667"},{"taxonomy":"product_cat","embeddable":true,"href":"https:\/\/www.flyshop.cl\/TIENDA\/wp-json\/wp\/v2\/product_cat?post=13667"},{"taxonomy":"product_tag","embeddable":true,"href":"https:\/\/www.flyshop.cl\/TIENDA\/wp-json\/wp\/v2\/product_tag?post=13667"}],"curies":[{"name":"wp","href":"https:\/\/api.w.org\/{rel}","templated":true}]}}