{"id":13606,"date":"2022-01-14T21:52:42","date_gmt":"2022-01-14T21:52:42","guid":{"rendered":"https:\/\/www.flyshop.cl\/TIENDA\/?post_type=product&#038;p=13606"},"modified":"2025-12-19T15:38:45","modified_gmt":"2025-12-19T15:38:45","slug":"ms-thermal-pant-black","status":"publish","type":"product","link":"https:\/\/www.flyshop.cl\/TIENDA\/producto\/ms-thermal-pant-black\/","title":{"rendered":"M&#8217;S THERMAL PANT BLACK"},"content":{"rendered":"<p>Nuestro pantal\u00f3n t\u00e9rmico para hombre es la capa intermedia m\u00e1s c\u00e1lida para los d\u00edas fr\u00edos. Cuenta con un interior de forro polar en forma de cuadr\u00edcula que atrapa el calor junto a la piel, sin a\u00f1adir volumen ni limitar el rango de movimiento.<\/p>\n<ul>\n<li>El forro polar con cuadr\u00edcula y cara suave se combina perfectamente con nuestras capas base para proporcionar el m\u00e1ximo calor.<\/li>\n<li>Cintura de la misma tela con cierre de doble broche y bragueta con cremallera, que permiten transiciones f\u00e1ciles al ponerse y quitarse.<\/li>\n<li>Bolsillos laterales para calentar las manos.<\/li>\n<li>Dise\u00f1ado con una entrepierna con fuelle para mayor comodidad y facilidad al usarlo con petos o vadeadores.<\/li>\n<li>Bajo ajustado para un ajuste aerodin\u00e1mico cuando se usa con capas debajo y encima.<\/li>\n<\/ul>\n<p><strong>TECNOLOG\u00cdA DE LA TELA:<\/strong><br \/>\nCuerpo: 7.52 oz.\/yd\u00b2 (255 g\/m\u00b2) 93% poli\u00e9ster, 7% elastano con acabado antimicrobiano y de control de humedad.<\/p>\n<p>&nbsp;<\/p>\n","protected":false},"excerpt":{"rendered":"<p>Nuestro pantal\u00f3n t\u00e9rmico para hombre es la capa intermedia m\u00e1s c\u00e1lida para los d\u00edas fr\u00edos. Cuenta con un interior de forro polar en forma de cuadr\u00edcula que atrapa el calor junto a la piel, sin a\u00f1adir volumen ni limitar el&hellip;<\/p>\n","protected":false},"featured_media":13614,"comment_status":"closed","ping_status":"closed","template":"","meta":{"_joinchat":[]},"product_brand":[],"product_cat":[449,451],"product_tag":[],"class_list":{"0":"post-13606","1":"product","2":"type-product","3":"status-publish","4":"has-post-thumbnail","6":"product_cat-pantalones-simms-ropa-hombre","7":"product_cat-primera-capa-simms","8":"entry","9":"has-media","11":"first","12":"instock","13":"shipping-taxable","14":"purchasable","15":"product-type-variable","16":"col","17":"wpex-woo-entry","18":"span_1_of_6 span_1_of_3_pp"},"supplier_id":null,"supplier_sku":"","barcode":null,"atum_controlled":true,"out_stock_date":null,"out_stock_threshold":null,"inheritable":true,"inbound_stock":null,"stock_on_hold":0,"sold_today":0,"sales_last_days":1,"reserved_stock":null,"customer_returns":null,"warehouse_damage":null,"lost_in_post":null,"other_logs":null,"out_stock_days":0,"lost_sales":0,"has_location":false,"update_date":"2025-12-19T15:38:46","atum_locations":[],"atum_stock_status":"instock","restock_status":false,"low_stock_amount":"","sales_update_date":null,"calc_backorders":null,"_links":{"self":[{"href":"https:\/\/www.flyshop.cl\/TIENDA\/wp-json\/wp\/v2\/product\/13606","targetHints":{"allow":["GET"]}}],"collection":[{"href":"https:\/\/www.flyshop.cl\/TIENDA\/wp-json\/wp\/v2\/product"}],"about":[{"href":"https:\/\/www.flyshop.cl\/TIENDA\/wp-json\/wp\/v2\/types\/product"}],"replies":[{"embeddable":true,"href":"https:\/\/www.flyshop.cl\/TIENDA\/wp-json\/wp\/v2\/comments?post=13606"}],"wp:featuredmedia":[{"embeddable":true,"href":"https:\/\/www.flyshop.cl\/TIENDA\/wp-json\/wp\/v2\/media\/13614"}],"wp:attachment":[{"href":"https:\/\/www.flyshop.cl\/TIENDA\/wp-json\/wp\/v2\/media?parent=13606"}],"wp:term":[{"taxonomy":"product_brand","embeddable":true,"href":"https:\/\/www.flyshop.cl\/TIENDA\/wp-json\/wp\/v2\/product_brand?post=13606"},{"taxonomy":"product_cat","embeddable":true,"href":"https:\/\/www.flyshop.cl\/TIENDA\/wp-json\/wp\/v2\/product_cat?post=13606"},{"taxonomy":"product_tag","embeddable":true,"href":"https:\/\/www.flyshop.cl\/TIENDA\/wp-json\/wp\/v2\/product_tag?post=13606"}],"curies":[{"name":"wp","href":"https:\/\/api.w.org\/{rel}","templated":true}]}}