{"id":13421,"date":"2021-12-20T20:23:48","date_gmt":"2021-12-20T20:23:48","guid":{"rendered":"https:\/\/www.flyshop.cl\/TIENDA\/?post_type=product&#038;p=13421"},"modified":"2026-03-19T17:58:11","modified_gmt":"2026-03-19T17:58:11","slug":"bulkley-insulated-jacket","status":"publish","type":"product","link":"https:\/\/www.flyshop.cl\/TIENDA\/producto\/bulkley-insulated-jacket\/","title":{"rendered":"BULKLEY INSULATED JACKET"},"content":{"rendered":"<div class=\"flex flex-grow flex-col max-w-full\">\n<div class=\"min-h-[20px] text-message flex flex-col items-start gap-3 whitespace-pre-wrap break-words [.text-message+&amp;]:mt-5 overflow-x-auto\" data-message-author-role=\"assistant\" data-message-id=\"8d46e3d3-ef79-4dc3-9e34-5f738f50723c\">\n<div class=\"markdown prose w-full break-words dark:prose-invert light\">\n<p>Cuando est\u00e9s listo para perseguir a los m\u00e1s grandes y brillantes durante la temporada m\u00e1s fr\u00eda y dura, el Bulkley establece el est\u00e1ndar de chaqueta aislada para una calidez premium que se encuentra con una protecci\u00f3n constante contra el clima h\u00famedo y ventoso.<\/p>\n<ul>\n<li>Construido con laminado de poli\u00e9ster de 2 capas GORE-TEX completamente sellado, para una protecci\u00f3n impermeable al 100%<\/li>\n<li>Atrapa el calor con el aislamiento PrimaLoft\u00ae Silver, revestido con un poli\u00e9ster c\u00f3modo y transpirable<\/li>\n<li>Capucha de 3 paneles con cord\u00f3n el\u00e1stico ajustable de 3 puntos para bloquear el fr\u00edo y la lluvia. El borde est\u00e1 unido para ajustarse y proteger<\/li>\n<li>Cremallera central resistente al agua YKK expuesta respaldada por una solapa interna de tormenta, terminada con un protector de cremallera de tricot cepillado suave<\/li>\n<li>La variedad de bolsillos incluye dos bolsillos calientamanos resistentes al agua para vadear profundo, dos bolsillos verticales en el pecho y un bolsillo interior de malla para desechar<\/li>\n<li>Bolsillo con cremallera en el brazo superior derecho para guardar elementos esenciales en el agua<\/li>\n<li>Este producto est\u00e1 destinado a condiciones de humedad severas. Hecho con productos qu\u00edmicos PFAS<\/li>\n<\/ul>\n<p>TEJIDO:<\/p>\n<p>Exterior &#8211; GORE-TEX de 2 capas &#8211; 75D 100% poli\u00e9ster con DWR PFCec Free<\/p>\n<p>Aislamiento &#8211; PrimaLoft\u00ae Silver 100g en el cuerpo, 60g en mangas, capucha y cuello<\/p>\n<p>&nbsp;<\/p>\n<\/div>\n<\/div>\n<\/div>\n","protected":false},"excerpt":{"rendered":"<p>Cuando est\u00e9s listo para perseguir a los m\u00e1s grandes y brillantes durante la temporada m\u00e1s fr\u00eda y dura, el Bulkley establece el est\u00e1ndar de chaqueta aislada para una calidez premium que se encuentra con una protecci\u00f3n constante contra el clima&hellip;<\/p>\n","protected":false},"featured_media":18055,"comment_status":"closed","ping_status":"closed","template":"","meta":{"_joinchat":[]},"product_brand":[],"product_cat":[308,299,447],"product_tag":[],"class_list":{"0":"post-13421","1":"product","2":"type-product","3":"status-publish","4":"has-post-thumbnail","6":"product_cat-chaquetas-de-vadeo","7":"product_cat-ofertas","8":"product_cat-parkas-y-polerones","9":"entry","10":"has-media","12":"first","13":"instock","14":"sale","15":"shipping-taxable","16":"purchasable","17":"product-type-variable","18":"col","19":"wpex-woo-entry","20":"span_1_of_6 span_1_of_3_pp"},"supplier_id":null,"supplier_sku":"","barcode":null,"atum_controlled":true,"out_stock_date":null,"out_stock_threshold":null,"inheritable":true,"inbound_stock":null,"stock_on_hold":0,"sold_today":0,"sales_last_days":1,"reserved_stock":null,"customer_returns":null,"warehouse_damage":null,"lost_in_post":null,"other_logs":null,"out_stock_days":0,"lost_sales":0,"has_location":false,"update_date":"2026-03-19T17:58:12","atum_locations":[],"atum_stock_status":"instock","restock_status":false,"low_stock_amount":"","sales_update_date":null,"calc_backorders":null,"_links":{"self":[{"href":"https:\/\/www.flyshop.cl\/TIENDA\/wp-json\/wp\/v2\/product\/13421","targetHints":{"allow":["GET"]}}],"collection":[{"href":"https:\/\/www.flyshop.cl\/TIENDA\/wp-json\/wp\/v2\/product"}],"about":[{"href":"https:\/\/www.flyshop.cl\/TIENDA\/wp-json\/wp\/v2\/types\/product"}],"replies":[{"embeddable":true,"href":"https:\/\/www.flyshop.cl\/TIENDA\/wp-json\/wp\/v2\/comments?post=13421"}],"wp:featuredmedia":[{"embeddable":true,"href":"https:\/\/www.flyshop.cl\/TIENDA\/wp-json\/wp\/v2\/media\/18055"}],"wp:attachment":[{"href":"https:\/\/www.flyshop.cl\/TIENDA\/wp-json\/wp\/v2\/media?parent=13421"}],"wp:term":[{"taxonomy":"product_brand","embeddable":true,"href":"https:\/\/www.flyshop.cl\/TIENDA\/wp-json\/wp\/v2\/product_brand?post=13421"},{"taxonomy":"product_cat","embeddable":true,"href":"https:\/\/www.flyshop.cl\/TIENDA\/wp-json\/wp\/v2\/product_cat?post=13421"},{"taxonomy":"product_tag","embeddable":true,"href":"https:\/\/www.flyshop.cl\/TIENDA\/wp-json\/wp\/v2\/product_tag?post=13421"}],"curies":[{"name":"wp","href":"https:\/\/api.w.org\/{rel}","templated":true}]}}