{"id":12963,"date":"2021-10-27T21:37:57","date_gmt":"2021-10-27T21:37:57","guid":{"rendered":"https:\/\/www.flyshop.cl\/TIENDA\/?post_type=product&#038;p=12963"},"modified":"2026-03-19T17:59:34","modified_gmt":"2026-03-19T17:59:34","slug":"guide-classic-jacket","status":"publish","type":"product","link":"https:\/\/www.flyshop.cl\/TIENDA\/producto\/guide-classic-jacket\/","title":{"rendered":"GUIDE CLASSIC JACKET"},"content":{"rendered":"<p>Su confiable caballo de batalla para clima h\u00famedo, la chaqueta cl\u00e1sica GORE-TEX Guide brinda protecci\u00f3n contra la lluvia implacable, amplio espacio de almacenamiento para equipos de pesca y presenta un dobladillo atemporal hasta la cintura para compatibilidad con vadeadores y vadeadores profundos.<\/p>\n<ul>\n<li>Capucha de tormenta ajustable de 3 puntos con cuello alto y ala unida para evitar la lluvia<\/li>\n<li>Parche frontal de gancho y bucle para almacenar moscas secas y anillo en D en el centro de la espalda para sujetar la red de aterrizaje<\/li>\n<li>Dos grandes bolsillos en el pecho dise\u00f1ados para llevar cajas de moscas y un bolsillo interior con cremallera en el pecho para lo esencial<\/li>\n<li>Dos bolsillos para calentadores de manos oblicuos se colocan en la parte superior detr\u00e1s de los bolsillos del pecho y respaldados con un cepillo de punto para un calor profundo<\/li>\n<li>El dobladillo a la altura de la cintura se asegura con un cord\u00f3n el\u00e1stico para combinar perfectamente con los waders<\/li>\n<\/ul>\n","protected":false},"excerpt":{"rendered":"<p>Su confiable caballo de batalla para clima h\u00famedo, la chaqueta cl\u00e1sica GORE-TEX Guide brinda protecci\u00f3n contra la lluvia implacable, amplio espacio de almacenamiento para equipos de pesca y presenta un dobladillo atemporal hasta la cintura para compatibilidad con vadeadores y&hellip;<\/p>\n","protected":false},"featured_media":12971,"comment_status":"closed","ping_status":"closed","template":"","meta":{"_joinchat":[]},"product_brand":[],"product_cat":[308,447],"product_tag":[],"class_list":{"0":"post-12963","1":"product","2":"type-product","3":"status-publish","4":"has-post-thumbnail","6":"product_cat-chaquetas-de-vadeo","7":"product_cat-parkas-y-polerones","8":"entry","9":"has-media","11":"first","12":"instock","13":"shipping-taxable","14":"purchasable","15":"product-type-variable","16":"col","17":"wpex-woo-entry","18":"span_1_of_6 span_1_of_3_pp"},"supplier_id":null,"supplier_sku":"","barcode":null,"atum_controlled":true,"out_stock_date":null,"out_stock_threshold":null,"inheritable":true,"inbound_stock":null,"stock_on_hold":0,"sold_today":0,"sales_last_days":1,"reserved_stock":null,"customer_returns":null,"warehouse_damage":null,"lost_in_post":null,"other_logs":null,"out_stock_days":0,"lost_sales":0,"has_location":false,"update_date":"2026-03-19T17:59:36","atum_locations":[],"atum_stock_status":"instock","restock_status":false,"low_stock_amount":"","sales_update_date":null,"calc_backorders":null,"_links":{"self":[{"href":"https:\/\/www.flyshop.cl\/TIENDA\/wp-json\/wp\/v2\/product\/12963","targetHints":{"allow":["GET"]}}],"collection":[{"href":"https:\/\/www.flyshop.cl\/TIENDA\/wp-json\/wp\/v2\/product"}],"about":[{"href":"https:\/\/www.flyshop.cl\/TIENDA\/wp-json\/wp\/v2\/types\/product"}],"replies":[{"embeddable":true,"href":"https:\/\/www.flyshop.cl\/TIENDA\/wp-json\/wp\/v2\/comments?post=12963"}],"wp:featuredmedia":[{"embeddable":true,"href":"https:\/\/www.flyshop.cl\/TIENDA\/wp-json\/wp\/v2\/media\/12971"}],"wp:attachment":[{"href":"https:\/\/www.flyshop.cl\/TIENDA\/wp-json\/wp\/v2\/media?parent=12963"}],"wp:term":[{"taxonomy":"product_brand","embeddable":true,"href":"https:\/\/www.flyshop.cl\/TIENDA\/wp-json\/wp\/v2\/product_brand?post=12963"},{"taxonomy":"product_cat","embeddable":true,"href":"https:\/\/www.flyshop.cl\/TIENDA\/wp-json\/wp\/v2\/product_cat?post=12963"},{"taxonomy":"product_tag","embeddable":true,"href":"https:\/\/www.flyshop.cl\/TIENDA\/wp-json\/wp\/v2\/product_tag?post=12963"}],"curies":[{"name":"wp","href":"https:\/\/api.w.org\/{rel}","templated":true}]}}