{"id":12293,"date":"2021-05-14T17:40:04","date_gmt":"2021-05-14T17:40:04","guid":{"rendered":"https:\/\/www.flyshop.cl\/TIENDA\/?post_type=product&#038;p=12293"},"modified":"2025-06-02T01:29:39","modified_gmt":"2025-06-02T01:29:39","slug":"rivershed-full-zip","status":"publish","type":"product","link":"https:\/\/www.flyshop.cl\/TIENDA\/producto\/rivershed-full-zip\/","title":{"rendered":"M&#8217;S RIVERSHED-FULL ZIP BLACK HEATHER"},"content":{"rendered":"<p>La calidez en el agua viene de manera natural con la Rivershed Full Zip, una chaqueta de alto rendimiento de fleece jacquard que se combina perfectamente con waders o una chaqueta.<\/p>\n<ul>\n<li>Una versi\u00f3n renovada de nuestro cl\u00e1sico su\u00e9ter Rivershed Full Zip, esta nueva tela de fleece jacquard de poli\u00e9ster captura la calidez con un look deportivo pero moderno.<\/li>\n<li>El cuello alto se cierra con un cierre de cremallera invertida y cuenta con un protector de barbilla.<\/li>\n<li>Bolsillo vertical en el pecho izquierdo y dos bolsillos para las manos con ribetes de tela el\u00e1stica para un aspecto liso y discreto.<\/li>\n<li>Costuras completas desde los paneles laterales hasta las axilas para m\u00e1xima elasticidad y movilidad, con pu\u00f1os vueltos.<\/li>\n<li>Terminaci\u00f3n con dobladillo recto.<\/li>\n<\/ul>\n<p><strong>TECNOLOG\u00cdA DE LA TELA:<\/strong><\/p>\n<ul>\n<li>Cuerpo: fleece jacquard 100% poli\u00e9ster, 325 g\/m\u00b2.<\/li>\n<\/ul>\n","protected":false},"excerpt":{"rendered":"<p>La calidez en el agua viene de manera natural con la Rivershed Full Zip, una chaqueta de alto rendimiento de fleece jacquard que se combina perfectamente con waders o una chaqueta. Una versi\u00f3n renovada de nuestro cl\u00e1sico su\u00e9ter Rivershed Full&hellip;<\/p>\n","protected":false},"featured_media":17435,"comment_status":"closed","ping_status":"closed","template":"","meta":{"_joinchat":[]},"product_brand":[],"product_cat":[447,309],"product_tag":[],"class_list":{"0":"post-12293","1":"product","2":"type-product","3":"status-publish","4":"has-post-thumbnail","6":"product_cat-parkas-y-polerones","7":"product_cat-simms","8":"entry","9":"has-media","11":"first","12":"outofstock","13":"shipping-taxable","14":"product-type-variable","15":"col","16":"wpex-woo-entry","17":"span_1_of_6 span_1_of_3_pp"},"supplier_id":null,"supplier_sku":"","barcode":null,"atum_controlled":true,"out_stock_date":null,"out_stock_threshold":null,"inheritable":true,"inbound_stock":null,"stock_on_hold":1,"sold_today":0,"sales_last_days":2,"reserved_stock":null,"customer_returns":null,"warehouse_damage":null,"lost_in_post":null,"other_logs":null,"out_stock_days":0,"lost_sales":0,"has_location":false,"update_date":"2025-06-02T01:29:41","atum_locations":[],"atum_stock_status":"outofstock","restock_status":false,"low_stock_amount":"","sales_update_date":null,"calc_backorders":null,"_links":{"self":[{"href":"https:\/\/www.flyshop.cl\/TIENDA\/wp-json\/wp\/v2\/product\/12293","targetHints":{"allow":["GET"]}}],"collection":[{"href":"https:\/\/www.flyshop.cl\/TIENDA\/wp-json\/wp\/v2\/product"}],"about":[{"href":"https:\/\/www.flyshop.cl\/TIENDA\/wp-json\/wp\/v2\/types\/product"}],"replies":[{"embeddable":true,"href":"https:\/\/www.flyshop.cl\/TIENDA\/wp-json\/wp\/v2\/comments?post=12293"}],"wp:featuredmedia":[{"embeddable":true,"href":"https:\/\/www.flyshop.cl\/TIENDA\/wp-json\/wp\/v2\/media\/17435"}],"wp:attachment":[{"href":"https:\/\/www.flyshop.cl\/TIENDA\/wp-json\/wp\/v2\/media?parent=12293"}],"wp:term":[{"taxonomy":"product_brand","embeddable":true,"href":"https:\/\/www.flyshop.cl\/TIENDA\/wp-json\/wp\/v2\/product_brand?post=12293"},{"taxonomy":"product_cat","embeddable":true,"href":"https:\/\/www.flyshop.cl\/TIENDA\/wp-json\/wp\/v2\/product_cat?post=12293"},{"taxonomy":"product_tag","embeddable":true,"href":"https:\/\/www.flyshop.cl\/TIENDA\/wp-json\/wp\/v2\/product_tag?post=12293"}],"curies":[{"name":"wp","href":"https:\/\/api.w.org\/{rel}","templated":true}]}}