{"id":10934,"date":"2020-08-11T22:12:06","date_gmt":"2020-08-11T22:12:06","guid":{"rendered":"https:\/\/www.flyshop.cl\/TIENDA\/?post_type=product&#038;p=10934"},"modified":"2024-08-23T15:55:34","modified_gmt":"2024-08-23T15:55:34","slug":"redington-run","status":"publish","type":"product","link":"https:\/\/www.flyshop.cl\/TIENDA\/producto\/redington-run\/","title":{"rendered":"REDINGTON RUN"},"content":{"rendered":"<p>El carrete<strong> Redington\u00ae Run <\/strong>fue dise\u00f1ado para el pescador que busca un carrete ligero con la potencia de frenado de un sistema de frenos de fibra de carbono. Su construcci\u00f3n duradera de aluminio fundido presenta una estructura \u00fanica en el cilindro interno del carrete para aumentar la durabilidad y disminuir el peso. Este carrete large arbor\u00a0permite una r\u00e1pida recuperaci\u00f3n de la l\u00ednea y, por lo tanto, mantiene la presi\u00f3n sobre el pez, sin importar cu\u00e1n dif\u00edcil sea la pelea. Su sistema de freno\u00a0compacto\u00a0de fibra de carbono es suave y confiable en todo tipo de entornos.<\/p>\n<p><strong>CARACTERISTICAS:<\/strong><\/p>\n<ul>\n<li>Fabricado en aluminio fundido<\/li>\n<li>Large arbor para una r\u00e1pida recuperaci\u00f3n de la l\u00ednea<\/li>\n<li>Freno compacto de fibra de carbono que ofrece una potencia de frenado suave<\/li>\n<li>Bot\u00f3n de freno bajado y f\u00e1cil de ajustar<\/li>\n<li>Bot\u00f3n de liberaci\u00f3n de la bobina<\/li>\n<li>Las bobinas son intercambiables con el carrete RISE<\/li>\n<li>Pie del carrete redondeado para protecci\u00f3n de l\u00ednea<\/li>\n<li>Mango ergon\u00f3mico suave al tacto<\/li>\n<li>F\u00e1cilmente convertible de mano izquierda a derecha<\/li>\n<li>Incluye bolsa de naylon<\/li>\n<\/ul>\n","protected":false},"excerpt":{"rendered":"<p>El carrete Redington\u00ae Run fue dise\u00f1ado para el pescador que busca un carrete ligero con la potencia de frenado de un sistema de frenos de fibra de carbono. Su construcci\u00f3n duradera de aluminio fundido presenta una estructura \u00fanica en el&hellip;<\/p>\n","protected":false},"featured_media":13139,"comment_status":"open","ping_status":"closed","template":"","meta":{"_joinchat":[]},"product_brand":[],"product_cat":[678,784],"product_tag":[],"class_list":{"0":"post-10934","1":"product","2":"type-product","3":"status-publish","4":"has-post-thumbnail","6":"product_cat-carretes-fly-fishing","7":"product_cat-redington","8":"entry","9":"has-media","11":"first","12":"outofstock","13":"shipping-taxable","14":"product-type-variable","15":"col","16":"wpex-woo-entry","17":"span_1_of_6 span_1_of_3_pp"},"supplier_id":null,"supplier_sku":"","barcode":null,"atum_controlled":true,"out_stock_date":null,"out_stock_threshold":null,"inheritable":true,"inbound_stock":null,"stock_on_hold":1,"sold_today":0,"sales_last_days":1,"reserved_stock":null,"customer_returns":null,"warehouse_damage":null,"lost_in_post":null,"other_logs":null,"out_stock_days":0,"lost_sales":0,"has_location":false,"update_date":"2024-08-23T15:55:36","atum_locations":[],"atum_stock_status":"outofstock","restock_status":false,"low_stock_amount":"","sales_update_date":null,"calc_backorders":null,"_links":{"self":[{"href":"https:\/\/www.flyshop.cl\/TIENDA\/wp-json\/wp\/v2\/product\/10934","targetHints":{"allow":["GET"]}}],"collection":[{"href":"https:\/\/www.flyshop.cl\/TIENDA\/wp-json\/wp\/v2\/product"}],"about":[{"href":"https:\/\/www.flyshop.cl\/TIENDA\/wp-json\/wp\/v2\/types\/product"}],"replies":[{"embeddable":true,"href":"https:\/\/www.flyshop.cl\/TIENDA\/wp-json\/wp\/v2\/comments?post=10934"}],"wp:featuredmedia":[{"embeddable":true,"href":"https:\/\/www.flyshop.cl\/TIENDA\/wp-json\/wp\/v2\/media\/13139"}],"wp:attachment":[{"href":"https:\/\/www.flyshop.cl\/TIENDA\/wp-json\/wp\/v2\/media?parent=10934"}],"wp:term":[{"taxonomy":"product_brand","embeddable":true,"href":"https:\/\/www.flyshop.cl\/TIENDA\/wp-json\/wp\/v2\/product_brand?post=10934"},{"taxonomy":"product_cat","embeddable":true,"href":"https:\/\/www.flyshop.cl\/TIENDA\/wp-json\/wp\/v2\/product_cat?post=10934"},{"taxonomy":"product_tag","embeddable":true,"href":"https:\/\/www.flyshop.cl\/TIENDA\/wp-json\/wp\/v2\/product_tag?post=10934"}],"curies":[{"name":"wp","href":"https:\/\/api.w.org\/{rel}","templated":true}]}}